{"id":14181,"date":"2025-12-24T10:38:29","date_gmt":"2025-12-24T09:38:29","guid":{"rendered":"https:\/\/brandcompliance.be\/?page_id=14181"},"modified":"2026-03-24T15:47:58","modified_gmt":"2026-03-24T14:47:58","slug":"session-de-preparation-cyfun","status":"publish","type":"page","link":"http:\/\/brandcompliance.be\/fr\/session-de-preparation-cyfun\/","title":{"rendered":"Session de pr\u00e9paration CyFun"},"content":{"rendered":"<p><img loading=\"lazy\" decoding=\"async\" class=\"alignleft wp-image-13686 size-full\" src=\"http:\/\/brandcompliance.be\/wp-content\/uploads\/sites\/3\/2025\/09\/homepage-kennisbank.webp\" alt=\"Session de pr\u00e9paration CyFun\" width=\"360\" height=\"232\" title=\"\" srcset=\"http:\/\/brandcompliance.be\/wp-content\/uploads\/sites\/3\/2025\/09\/homepage-kennisbank.webp 360w, http:\/\/brandcompliance.be\/wp-content\/uploads\/sites\/3\/2025\/09\/homepage-kennisbank-300x193.webp 300w\" sizes=\"auto, (max-width: 360px) 100vw, 360px\" \/><span data-contrast=\"auto\">Lors de la session de pr\u00e9paration CyFun, nous vous pr\u00e9parons de mani\u00e8re cibl\u00e9e \u00e0 la prochaine v\u00e9rification <a href=\"https:\/\/atwork.safeonweb.be\/fr\/tools-resources\/cyberfundamentals-framework\" target=\"_blank\" rel=\"noopener\">CyberFundamentals <\/a><\/span><b><span data-contrast=\"auto\">Basic\u00a0<\/span><\/b>et<b><span data-contrast=\"auto\">\u00a0Important<\/span><\/b><span data-contrast=\"auto\">. <\/span><span data-contrast=\"auto\">Au cours d\u2019une session interactive, nous expliquons en d\u00e9tail l\u2019ensemble du processus de v\u00e9rification, afin que vous sachiez exactement \u00e0 quoi vous attendre.<\/span><span data-ccp-props=\"{}\">\u00a0<\/span><\/p>\n<p><span data-contrast=\"auto\">Comment se d\u00e9roule la v\u00e9rification en pratique ? <\/span><span data-contrast=\"auto\">Quels documents sont n\u00e9cessaires ? <\/span><span data-contrast=\"auto\">Qu\u2019est-ce qui est \u00e9valu\u00e9 et \u00e0 quel moment par l\u2019auditeur ? <\/span><span data-contrast=\"auto\">Que signifie-t-il lorsque des diff\u00e9rences sont constat\u00e9es entre votre auto-\u00e9valuation et le r\u00e9sultat de la v\u00e9rification ?<\/span><span data-ccp-props=\"{}\">\u00a0<\/span><span data-contrast=\"auto\">Ces questions sont au c\u0153ur de la session.<\/span><span data-ccp-props=\"{}\">\u00a0<\/span><\/p>\n<p><span data-contrast=\"auto\">Souhaitez-vous entamer la v\u00e9rification CyFun en toute s\u00e9r\u00e9nit\u00e9, bien pr\u00e9par\u00e9s et sans mauvaises surprises ? Alors cette session de pr\u00e9paration CyFun constitue une premi\u00e8re \u00e9tape logique.<\/span><span data-ccp-props=\"{}\">\u00a0<\/span><\/p>\n<p><span data-contrast=\"auto\">Vous n\u2019\u00eates pas encore client chez Brand Compliance, mais souhaitez en savoir plus sur la v\u00e9rification CyberFundamentals ? <\/span><span data-contrast=\"auto\">Prenez alors rendez-vous via le formulaire de prise de contact ou appelez-nous au<\/span><span data-ccp-props=\"{}\">\u00a0<a href=\"tel:003214115500\"><span class=\"calltracker\" data-aen=\"AEN1655-2\">+32 (0) 14 11 55 00<\/span><\/a>.<\/span><\/p>\n","protected":false},"excerpt":{"rendered":"<p>Lors de la session de pr\u00e9paration CyFun, nous vous pr\u00e9parons de mani\u00e8re cibl\u00e9e \u00e0 la prochaine v\u00e9rification CyberFundamentals Basic\u00a0et\u00a0Important. Au cours d\u2019une session interactive, nous&#8230;<\/p>\n","protected":false},"author":22,"featured_media":0,"parent":0,"menu_order":3,"comment_status":"closed","ping_status":"closed","template":"layouts\/training-layout.php","meta":{"_acf_changed":false,"footnotes":""},"class_list":["post-14181","page","type-page","status-publish","hentry"],"acf":[],"_links":{"self":[{"href":"http:\/\/brandcompliance.be\/fr\/wp-json\/wp\/v2\/pages\/14181","targetHints":{"allow":["GET"]}}],"collection":[{"href":"http:\/\/brandcompliance.be\/fr\/wp-json\/wp\/v2\/pages"}],"about":[{"href":"http:\/\/brandcompliance.be\/fr\/wp-json\/wp\/v2\/types\/page"}],"author":[{"embeddable":true,"href":"http:\/\/brandcompliance.be\/fr\/wp-json\/wp\/v2\/users\/22"}],"replies":[{"embeddable":true,"href":"http:\/\/brandcompliance.be\/fr\/wp-json\/wp\/v2\/comments?post=14181"}],"version-history":[{"count":22,"href":"http:\/\/brandcompliance.be\/fr\/wp-json\/wp\/v2\/pages\/14181\/revisions"}],"predecessor-version":[{"id":15007,"href":"http:\/\/brandcompliance.be\/fr\/wp-json\/wp\/v2\/pages\/14181\/revisions\/15007"}],"wp:attachment":[{"href":"http:\/\/brandcompliance.be\/fr\/wp-json\/wp\/v2\/media?parent=14181"}],"curies":[{"name":"wp","href":"https:\/\/api.w.org\/{rel}","templated":true}]}}