{"id":14224,"date":"2026-01-09T09:45:05","date_gmt":"2026-01-09T08:45:05","guid":{"rendered":"https:\/\/brandcompliance.be\/inschrijfformulier-voorbereidingssessie-cyfun\/"},"modified":"2026-01-09T10:08:58","modified_gmt":"2026-01-09T09:08:58","slug":"formulaire-dinscription-preparation-cyfun","status":"publish","type":"page","link":"http:\/\/brandcompliance.be\/fr\/formulaire-dinscription-preparation-cyfun\/","title":{"rendered":"Formulaire d\u2019inscription \u00e0 la session de pr\u00e9paration CyFun"},"content":{"rendered":"<script type=\"text\/javascript\">\n\/* <![CDATA[ *\/\nvar gform;gform||(document.addEventListener(\"gform_main_scripts_loaded\",function(){gform.scriptsLoaded=!0}),document.addEventListener(\"gform\/theme\/scripts_loaded\",function(){gform.themeScriptsLoaded=!0}),window.addEventListener(\"DOMContentLoaded\",function(){gform.domLoaded=!0}),gform={domLoaded:!1,scriptsLoaded:!1,themeScriptsLoaded:!1,isFormEditor:()=>\"function\"==typeof InitializeEditor,callIfLoaded:function(o){return!(!gform.domLoaded||!gform.scriptsLoaded||!gform.themeScriptsLoaded&&!gform.isFormEditor()||(gform.isFormEditor()&&console.warn(\"The use of gform.initializeOnLoaded() is deprecated in the form editor context and will be removed in Gravity Forms 3.1.\"),o(),0))},initializeOnLoaded:function(o){gform.callIfLoaded(o)||(document.addEventListener(\"gform_main_scripts_loaded\",()=>{gform.scriptsLoaded=!0,gform.callIfLoaded(o)}),document.addEventListener(\"gform\/theme\/scripts_loaded\",()=>{gform.themeScriptsLoaded=!0,gform.callIfLoaded(o)}),window.addEventListener(\"DOMContentLoaded\",()=>{gform.domLoaded=!0,gform.callIfLoaded(o)}))},hooks:{action:{},filter:{}},addAction:function(o,r,e,t){gform.addHook(\"action\",o,r,e,t)},addFilter:function(o,r,e,t){gform.addHook(\"filter\",o,r,e,t)},doAction:function(o){gform.doHook(\"action\",o,arguments)},applyFilters:function(o){return gform.doHook(\"filter\",o,arguments)},removeAction:function(o,r){gform.removeHook(\"action\",o,r)},removeFilter:function(o,r,e){gform.removeHook(\"filter\",o,r,e)},addHook:function(o,r,e,t,n){null==gform.hooks[o][r]&&(gform.hooks[o][r]=[]);var d=gform.hooks[o][r];null==n&&(n=r+\"_\"+d.length),gform.hooks[o][r].push({tag:n,callable:e,priority:t=null==t?10:t})},doHook:function(r,o,e){var t;if(e=Array.prototype.slice.call(e,1),null!=gform.hooks[r][o]&&((o=gform.hooks[r][o]).sort(function(o,r){return o.priority-r.priority}),o.forEach(function(o){\"function\"!=typeof(t=o.callable)&&(t=window[t]),\"action\"==r?t.apply(null,e):e[0]=t.apply(null,e)})),\"filter\"==r)return e[0]},removeHook:function(o,r,t,n){var e;null!=gform.hooks[o][r]&&(e=(e=gform.hooks[o][r]).filter(function(o,r,e){return!!(null!=n&&n!=o.tag||null!=t&&t!=o.priority)}),gform.hooks[o][r]=e)}});\n\/* ]]> *\/\n<\/script>\n\n                <div class='gf_browser_gecko gform_wrapper gravity-theme gform-theme--no-framework' data-form-theme='gravity-theme' data-form-index='0' id='gform_wrapper_79' ><form method='post' enctype='multipart\/form-data'  id='gform_79'  action='\/fr\/wp-json\/wp\/v2\/pages\/14224' data-formid='79' novalidate>\t\t\t\t\t<div style=\"display: none !important;\" class=\"akismet-fields-container gf_invisible\" data-prefix=\"ak_\">\n\t\t\t\t\t\t<label>&#916;<textarea name=\"ak_hp_textarea\" cols=\"45\" rows=\"8\" maxlength=\"100\"><\/textarea><\/label>\n\t\t\t\t\t\t<input type=\"hidden\" id=\"ak_js_1\" name=\"ak_js\" value=\"65\" \/>\n\t\t\t\t\t\t<script type=\"text\/javascript\">\n\/* <![CDATA[ *\/\ndocument.getElementById( \"ak_js_1\" ).setAttribute( \"value\", ( new Date() ).getTime() );\n\/* ]]> *\/\n<\/script>\n\n\t\t\t\t\t<\/div><div class='gf_invisible ginput_recaptchav3' data-sitekey='6LdoMowsAAAAACuCbsPDEQ05qSX8U-BwEMfCZ3fY' data-tabindex='0'><input id=\"input_e69dfa0dcc9d303513a0125ded8df127\" class=\"gfield_recaptcha_response\" type=\"hidden\" name=\"input_e69dfa0dcc9d303513a0125ded8df127\" value=\"\"\/><\/div>\n                        <div class='gform-body gform_body'><div id='gform_fields_79' class='gform_fields top_label form_sublabel_above description_above validation_below'><div id=\"field_79_14\" class=\"gfield gfield--type-honeypot gform_validation_container field_sublabel_above gfield--has-description field_description_above field_validation_below gfield_visibility_visible\"  ><label class='gfield_label gform-field-label' for='input_79_14'>Facebook<\/label><div class='gfield_description' id='gfield_description_79_14'>Ce champ n\u2019est utilis\u00e9 qu\u2019\u00e0 des fins de validation et devrait rester inchang\u00e9.<\/div><div class='ginput_container'><input name='input_14' id='input_79_14' type='text' value='' autocomplete='new-password'\/><\/div><\/div><div id=\"field_79_13\" class=\"gfield gfield--type-section gfield--input-type-section gsection field_sublabel_above gfield--no-description field_description_above field_validation_below gfield_visibility_visible\"  ><h3 class=\"gsection_title\">Choisissez la session de votre choix<\/h3><\/div><div id=\"field_79_10\" class=\"gfield gfield--type-select gfield--input-type-select gfield--width-full gfield_contains_required field_sublabel_above gfield--no-description field_description_above field_validation_below gfield_visibility_visible\"  ><label class='gfield_label gform-field-label' for='input_79_10'>Fran\u00e7ais<span class=\"gfield_required\"><span class=\"gfield_required gfield_required_text\">(N\u00e9cessaire)<\/span><\/span><\/label><div class='ginput_container ginput_container_select'><select name='input_10' id='input_79_10' class='large gfield_select'    aria-required=\"true\" aria-invalid=\"false\" ><option value='FR | 31MRT26' >Mardi 31 mars 2026 | 15h00 \u2013 16h00 | En ligne<\/option><option value='FR | 14AVR26' >Mardi 14 avril 2026 | 15h00 \u2013 16h00 | En ligne<\/option><option value='FR | 28AVR26' >Mardi 28 avril 2026 | 15h00 \u2013 16h00 | En ligne<\/option><option value='FR | 12MAI26' >Mardi 12 mai 2026 | 15h00 \u2013 16h00 | En ligne<\/option><option value='FR | 26MAI26' >Mardi 26 mai 2026 | 15h00 \u2013 16h00 | En ligne<\/option><option value='FR | 09JUI26' >Mardi 9 juin 2026 | 15h00 \u2013 16h00 | En ligne<\/option><option value='FR | 23JUI26' >Mardi 23 juin 2026 | 15h00 \u2013 16h00 | En ligne<\/option><\/select><\/div><\/div><div id=\"field_79_7\" class=\"gfield gfield--type-text gfield--input-type-text gfield--width-full gfield_contains_required field_sublabel_above gfield--no-description field_description_above field_validation_below gfield_visibility_visible\"  ><label class='gfield_label gform-field-label' for='input_79_7'>Nom de l\u2019entreprise<span class=\"gfield_required\"><span class=\"gfield_required gfield_required_text\">(N\u00e9cessaire)<\/span><\/span><\/label><div class='ginput_container ginput_container_text'><input name='input_7' id='input_79_7' type='text' value='' class='large'     aria-required=\"true\" aria-invalid=\"false\"   \/><\/div><\/div><div id=\"field_79_6\" class=\"gfield gfield--type-text gfield--input-type-text gfield--width-full field_sublabel_above gfield--has-description field_description_above field_validation_below gfield_visibility_visible\"  ><label class='gfield_label gform-field-label' for='input_79_6'>Num\u00e9ro de r\u00e9f\u00e9rence de l&#039;offre Brand Compliance<\/label><div class='gfield_description' id='gfield_description_79_6'>Si connu, cela nous aide \u00e0 traiter votre inscription plus rapidement.<\/div><div class='ginput_container ginput_container_text'><input name='input_6' id='input_79_6' type='text' value='' class='large'  aria-describedby=\"gfield_description_79_6\"    aria-invalid=\"false\"   \/><\/div><\/div><fieldset id=\"field_79_1\" class=\"gfield gfield--type-name gfield--input-type-name gfield_contains_required field_sublabel_above gfield--no-description field_description_above field_validation_below gfield_visibility_visible\"  ><legend class='gfield_label gform-field-label gfield_label_before_complex' >Vos coordonn\u00e9es<span class=\"gfield_required\"><span class=\"gfield_required gfield_required_text\">(N\u00e9cessaire)<\/span><\/span><\/legend><div class='ginput_complex ginput_container ginput_container--name no_prefix has_first_name no_middle_name has_last_name no_suffix gf_name_has_2 ginput_container_name gform-grid-row' id='input_79_1'>\n                            \n                            <span id='input_79_1_3_container' class='name_first gform-grid-col gform-grid-col--size-auto' >\n                                                    <label for='input_79_1_3' class='gform-field-label gform-field-label--type-sub '>Pr\u00e9nom<\/label>\n                                                    <input type='text' name='input_1.3' id='input_79_1_3' value=''   aria-required='true'    autocomplete=\"given-name\" \/>\n                                                <\/span>\n                            \n                            <span id='input_79_1_6_container' class='name_last gform-grid-col gform-grid-col--size-auto' >\n                                                            <label for='input_79_1_6' class='gform-field-label gform-field-label--type-sub '>Nom<\/label>\n                                                            <input type='text' name='input_1.6' id='input_79_1_6' value=''   aria-required='true'    autocomplete=\"family-name\" \/>\n                                                        <\/span>\n                            \n                        <\/div><\/fieldset><div id=\"field_79_2\" class=\"gfield gfield--type-email gfield--input-type-email gfield--width-full gfield_contains_required field_sublabel_above gfield--has-description field_description_below field_validation_below gfield_visibility_visible\"  ><label class='gfield_label gform-field-label' for='input_79_2'>Adresse e-mail<span class=\"gfield_required\"><span class=\"gfield_required gfield_required_text\">(N\u00e9cessaire)<\/span><\/span><\/label><div class='ginput_container ginput_container_email'>\n                            <input name='input_2' id='input_79_2' type='email' value='' class='large'    aria-required=\"true\" aria-invalid=\"false\" aria-describedby=\"gfield_description_79_2\" \/>\n                        <\/div><div class='gfield_description' id='gfield_description_79_2'>Vous recevrez la confirmation ainsi que le lien de participation. <\/div><\/div><div id=\"field_79_3\" class=\"gfield gfield--type-textarea gfield--input-type-textarea field_sublabel_above gfield--has-description field_description_above field_validation_below gfield_visibility_visible\"  ><label class='gfield_label gform-field-label' for='input_79_3'>Avez-vous d\u00e9j\u00e0 une question concernant la session ou le processus de v\u00e9rification ?<\/label><div class='gfield_description' id='gfield_description_79_3'>Vous pouvez la partager ici (facultatif). Un temps d\u2019\u00e9change est \u00e9galement pr\u00e9vu pendant la session. <\/div><div class='ginput_container ginput_container_textarea'><textarea name='input_3' id='input_79_3' class='textarea medium'  aria-describedby=\"gfield_description_79_3\"    aria-invalid=\"false\"   rows='10' cols='50'><\/textarea><\/div><\/div><div id=\"field_79_9\" class=\"gfield gfield--type-captcha gfield--input-type-captcha gfield--width-full field_sublabel_above gfield--no-description field_description_above field_validation_below gfield_visibility_visible\"  ><label class='gfield_label gform-field-label' for='input_79_9'>CAPTCHA<\/label><div id='input_79_9' class='ginput_container ginput_recaptcha' data-sitekey='6LdoMowsAAAAACuCbsPDEQ05qSX8U-BwEMfCZ3fY'  data-theme='light' data-tabindex='-1' data-size='invisible' data-badge='bottomright'><\/div><\/div><\/div><\/div>\n        <div class='gform-footer gform_footer top_label'> <input type='submit' id='gform_submit_button_79' class='gform_button button' onclick='gform.submission.handleButtonClick(this);' data-submission-type='submit' value='R\u00c9SERVER MA PLACE'  \/> \n            <input type='hidden' class='gform_hidden' name='gform_submission_method' data-js='gform_submission_method_79' value='postback' \/>\n            <input type='hidden' class='gform_hidden' name='gform_theme' data-js='gform_theme_79' id='gform_theme_79' value='gravity-theme' \/>\n            <input type='hidden' class='gform_hidden' name='gform_style_settings' data-js='gform_style_settings_79' id='gform_style_settings_79' value='[]' \/>\n            <input type='hidden' class='gform_hidden' name='is_submit_79' value='1' \/>\n            <input type='hidden' class='gform_hidden' name='gform_submit' value='79' \/>\n            \n            <input type='hidden' class='gform_hidden' name='gform_currency' data-currency='EUR' value='hOH1CsRpMu6Lhs4i3RRz695hPcJxsKqsbrzrRbSAwsQhn8IsoJb1oyxZZ2cU313Xg8selqdb6BuJv19gim784Nwj\/T\/7jAc9Iq7U+d5Kfpl3T2o=' \/>\n            <input type='hidden' class='gform_hidden' name='gform_unique_id' value='' \/>\n            <input type='hidden' class='gform_hidden' name='state_79' value='WyJ7XCIxMFwiOltcIjY2YzBlNmU0YmNkN2MzNDU4NDA0YmRjZTZmNDIwODM3XCIsXCI0NWNlYzUzZWVlYjYxNmQ5MTFmNmE1OGYzZjQ1NWI4MFwiLFwiMjQyZGU5ODEyNmIxZWU2YjhlNzdkY2QzNTBhNGFkN2ZcIixcImYwNzVhOTBjM2ExZjM1MDU4Y2VkNTMwNjYxZDMzNjM0XCIsXCJiNTkwMzQxZmE2MGY1ZWJlNmNlMzc1MjNiYzNjNzdiNlwiLFwiM2I5NTZmZWE3M2NiOWFkNTQ3NWIzOTBmNGRmZWFmNDNcIixcIjEwZTU4M2M0NmM5NjA1ZjdmZjEzM2JlNjkyNzZlZjhiXCJdfSIsIjQ5ZDU4NjVkZDgxZjc0Yjk2NGM2N2QyZjRhM2YzYjUxIl0=' \/>\n            <input type='hidden' autocomplete='off' class='gform_hidden' name='gform_target_page_number_79' id='gform_target_page_number_79' value='0' \/>\n            <input type='hidden' autocomplete='off' class='gform_hidden' name='gform_source_page_number_79' id='gform_source_page_number_79' value='1' \/>\n            <input type='hidden' name='gform_field_values' value='' \/>\n            \n        <\/div>\n                        <\/form>\n                        <\/div><script type=\"text\/javascript\">\n\/* <![CDATA[ *\/\n gform.initializeOnLoaded( function() {gformInitSpinner( 79, 'http:\/\/brandcompliance.be\/wp-content\/plugins\/gravityforms\/images\/spinner.svg', true );jQuery('#gform_ajax_frame_79').on('load',function(){var contents = jQuery(this).contents().find('*').html();var is_postback = contents.indexOf('GF_AJAX_POSTBACK') >= 0;if(!is_postback){return;}var form_content = jQuery(this).contents().find('#gform_wrapper_79');var is_confirmation = jQuery(this).contents().find('#gform_confirmation_wrapper_79').length > 0;var is_redirect = contents.indexOf('gformRedirect(){') >= 0;var is_form = form_content.length > 0 && ! is_redirect && ! is_confirmation;var mt = parseInt(jQuery('html').css('margin-top'), 10) + parseInt(jQuery('body').css('margin-top'), 10) + 100;if(is_form){jQuery('#gform_wrapper_79').html(form_content.html());if(form_content.hasClass('gform_validation_error')){jQuery('#gform_wrapper_79').addClass('gform_validation_error');} else {jQuery('#gform_wrapper_79').removeClass('gform_validation_error');}setTimeout( function() { \/* delay the scroll by 50 milliseconds to fix a bug in chrome *\/  }, 50 );if(window['gformInitDatepicker']) {gformInitDatepicker();}if(window['gformInitPriceFields']) {gformInitPriceFields();}var current_page = jQuery('#gform_source_page_number_79').val();gformInitSpinner( 79, 'http:\/\/brandcompliance.be\/wp-content\/plugins\/gravityforms\/images\/spinner.svg', true );jQuery(document).trigger('gform_page_loaded', [79, current_page]);window['gf_submitting_79'] = false;}else if(!is_redirect){var confirmation_content = jQuery(this).contents().find('.GF_AJAX_POSTBACK').html();if(!confirmation_content){confirmation_content = contents;}jQuery('#gform_wrapper_79').replaceWith(confirmation_content);jQuery(document).trigger('gform_confirmation_loaded', [79]);window['gf_submitting_79'] = false;wp.a11y.speak(jQuery('#gform_confirmation_message_79').text());}else{jQuery('#gform_79').append(contents);if(window['gformRedirect']) {gformRedirect();}}jQuery(document).trigger(\"gform_pre_post_render\", [{ formId: \"79\", currentPage: \"current_page\", abort: function() { this.preventDefault(); } }]);        if (event && event.defaultPrevented) {                return;        }        const gformWrapperDiv = document.getElementById( \"gform_wrapper_79\" );        if ( gformWrapperDiv ) {            const visibilitySpan = document.createElement( \"span\" );            visibilitySpan.id = \"gform_visibility_test_79\";            gformWrapperDiv.insertAdjacentElement( \"afterend\", visibilitySpan );        }        const visibilityTestDiv = document.getElementById( \"gform_visibility_test_79\" );        let postRenderFired = false;        function triggerPostRender() {            if ( postRenderFired ) {                return;            }            postRenderFired = true;            gform.core.triggerPostRenderEvents( 79, current_page );            if ( visibilityTestDiv ) {                visibilityTestDiv.parentNode.removeChild( visibilityTestDiv );            }        }        function debounce( func, wait, immediate ) {            var timeout;            return function() {                var context = this, args = arguments;                var later = function() {                    timeout = null;                    if ( !immediate ) func.apply( context, args );                };                var callNow = immediate && !timeout;                clearTimeout( timeout );                timeout = setTimeout( later, wait );                if ( callNow ) func.apply( context, args );            };        }        const debouncedTriggerPostRender = debounce( function() {            triggerPostRender();        }, 200 );        if ( visibilityTestDiv && visibilityTestDiv.offsetParent === null ) {            const observer = new MutationObserver( ( mutations ) => {                mutations.forEach( ( mutation ) => {                    if ( mutation.type === 'attributes' && visibilityTestDiv.offsetParent !== null ) {                        debouncedTriggerPostRender();                        observer.disconnect();                    }                });            });            observer.observe( document.body, {                attributes: true,                childList: false,                subtree: true,                attributeFilter: [ 'style', 'class' ],            });        } else {            triggerPostRender();        }    } );} ); \n\/* ]]> *\/\n<\/script>\n\n","protected":false},"excerpt":{"rendered":"","protected":false},"author":6,"featured_media":0,"parent":0,"menu_order":0,"comment_status":"closed","ping_status":"closed","template":"","meta":{"_acf_changed":false,"footnotes":""},"class_list":["post-14224","page","type-page","status-publish","hentry"],"acf":[],"_links":{"self":[{"href":"http:\/\/brandcompliance.be\/fr\/wp-json\/wp\/v2\/pages\/14224","targetHints":{"allow":["GET"]}}],"collection":[{"href":"http:\/\/brandcompliance.be\/fr\/wp-json\/wp\/v2\/pages"}],"about":[{"href":"http:\/\/brandcompliance.be\/fr\/wp-json\/wp\/v2\/types\/page"}],"author":[{"embeddable":true,"href":"http:\/\/brandcompliance.be\/fr\/wp-json\/wp\/v2\/users\/6"}],"replies":[{"embeddable":true,"href":"http:\/\/brandcompliance.be\/fr\/wp-json\/wp\/v2\/comments?post=14224"}],"version-history":[{"count":3,"href":"http:\/\/brandcompliance.be\/fr\/wp-json\/wp\/v2\/pages\/14224\/revisions"}],"predecessor-version":[{"id":14227,"href":"http:\/\/brandcompliance.be\/fr\/wp-json\/wp\/v2\/pages\/14224\/revisions\/14227"}],"wp:attachment":[{"href":"http:\/\/brandcompliance.be\/fr\/wp-json\/wp\/v2\/media?parent=14224"}],"curies":[{"name":"wp","href":"https:\/\/api.w.org\/{rel}","templated":true}]}}