{"id":13412,"date":"2022-12-07T11:58:09","date_gmt":"2022-12-07T10:58:09","guid":{"rendered":"https:\/\/brandcompliance.be\/analyse-des-ecarts\/"},"modified":"2022-12-07T11:58:09","modified_gmt":"2022-12-07T10:58:09","slug":"analyse-des-ecarts","status":"publish","type":"page","link":"https:\/\/brandcompliance.be\/fr\/analyse-des-ecarts\/","title":{"rendered":"Analyse des \u00e9carts"},"content":{"rendered":"<p><span class=\"NormalTextRun SCXW96340654 BCX0\">Vous voulez savoir si l&#8217;organisation est pr\u00eate pour la certification<\/span><span class=\"NormalTextRun SCXW96340654 BCX0\"> ou avez-vous besoin d&#8217;un aper\u00e7u <\/span><span class=\"NormalTextRun SCXW96340654 BCX0\">de l&#8217;\u00e9tat de la mise en \u0153uvre du <\/span><a href=\"https:\/\/brandcompliance.com\/docs\/wat-is-een-managementsysteem\/\" target=\"_blank\" rel=\"noopener\">syst\u00e8me de management<\/a>&nbsp;? <span class=\"NormalTextRun SCXW27166166 BCX0\">Brand Compliance peut vous aider en r\u00e9alisant une analyse des \u00e9carts.<\/span><\/p>\n<p>Notre <span class=\"NormalTextRun SCXW27166166 BCX0\">analyse des \u00e9carts<\/span> donne une image claire de la maturit\u00e9 actuelle et constitue le point de d\u00e9part id\u00e9al pour planifier correctement votre parcours vers la certification.<\/p>\n<h2><strong>Objectif d&#8217;une <span class=\"NormalTextRun SCXW27166166 BCX0\">analyse des \u00e9carts<\/span><\/strong><\/h2>\n<p><img loading=\"lazy\" decoding=\"async\" class=\"size-medium wp-image-18452 alignleft\" src=\"https:\/\/brandcompliance.com\/wp-content\/uploads\/2023\/06\/20230413-Brandcompliance-250-web-300x198.jpg\" alt=\"\" width=\"300\" height=\"198\" title=\"\"><\/p>\n<p><span class=\"NormalTextRun SCXW51422921 BCX0\">L&#8217;objectif est de donner un aper\u00e7u de la situation actuelle de <\/span><span class=\"NormalTextRun SCXW51422921 BCX0\">l&#8217;<\/span><span class=\"NormalTextRun SCXW51422921 BCX0\">organisation en ce qui concerne la mise en place du syst\u00e8me de management. <\/span><span class=\"NormalTextRun SCXW51422921 BCX0\">Faire r\u00e9aliser une <span class=\"NormalTextRun SCXW27166166 BCX0\">analyse des \u00e9carts<\/span><\/span><span class=\"NormalTextRun SCXW51422921 BCX0\"> <\/span><span class=\"NormalTextRun SCXW51422921 BCX0\">donne <\/span><span class=\"NormalTextRun SCXW51422921 BCX0\">\u00e0<\/span><span class=\"NormalTextRun SCXW51422921 BCX0\"> une organisation la possibilit\u00e9 de mettre en ordre <\/span><span class=\"NormalTextRun SCXW51422921 BCX0\">les <\/span><span class=\"NormalTextRun SCXW51422921 BCX0\">processus n\u00e9cessaires \u00e0 la certification avant le processus de certification proprement dit.<\/span><span class=\"NormalTextRun SCXW51422921 BCX0\"> <\/span><\/p>\n<h2><strong>R\u00e9alisation d&#8217;une <span class=\"NormalTextRun SCXW27166166 BCX0\">analyse des \u00e9carts<\/span><\/strong><\/h2>\n<p><span class=\"NormalTextRun SCXW4127620 BCX0\">Pendant l&#8217;<span class=\"NormalTextRun SCXW27166166 BCX0\">analyse des \u00e9carts<\/span><\/span><span class=\"NormalTextRun SCXW4127620 BCX0\"> <\/span><span class=\"NormalTextRun SCXW4127620 BCX0\">l&#8217;auditeur <\/span><span class=\"NormalTextRun SCXW4127620 BCX0\">se rend <\/span><span class=\"NormalTextRun SCXW4127620 BCX0\">sur place, ou il est possible d&#8217;utiliser des techniques d&#8217;audit \u00e0 distance<\/span><span class=\"NormalTextRun SCXW4127620 BCX0\">. Le<\/span> <span class=\"NormalTextRun SCXW4127620 BCX0\">l&#8217;auditeur<\/span> \u00e9valuera <span class=\"NormalTextRun SCXW4127620 BCX0\">le<\/span><span class=\"NormalTextRun SCXW4127620 BCX0\"> syst\u00e8me de management et indiquera s&#8217;il existe des lacunes \u00e9ventuelles dans le syst\u00e8me concernant <\/span><span class=\"NormalTextRun SCXW4127620 BCX0\">le<\/span><span class=\"NormalTextRun SCXW4127620 BCX0\"> champ <\/span><span class=\"NormalTextRun SCXW4127620 BCX0\">d&#8217;application<\/span> pr\u00e9vu<span class=\"NormalTextRun SCXW4127620 BCX0\">  de la certification. Notre auditeur peut vous donner des informations sur le processus de certification par Brand Compliance et vous aider \u00e0 faire une estimation <\/span><span class=\"NormalTextRun SCXW4127620 BCX0\">du d\u00e9lai <\/span><span class=\"NormalTextRun SCXW4127620 BCX0\">dans lequel<\/span> <span class=\"NormalTextRun SCXW4127620 BCX0\">l&#8217;<\/span><span class=\"NormalTextRun SCXW4127620 BCX0\">organisation peut \u00eatre pr\u00eate \u00e0 d\u00e9marrer le processus de certification.<\/span><\/p>\n<h2><strong>R\u00e9sultat<\/strong><\/h2>\n<p>Bien entendu, vous pouvez indiquer \u00e0 l&#8217;avance si vous souhaitez accorder une attention particuli\u00e8re \u00e0 des \u00e9l\u00e9ments sp\u00e9cifiques du syst\u00e8me de management. En g\u00e9n\u00e9ral, les r\u00e9sultats \u00e0 la fin de l&#8217;<span class=\"NormalTextRun SCXW27166166 BCX0\">analyse des \u00e9carts<\/span> sont les suivants&nbsp;:<\/p>\n<ul>\n<li>Informations g\u00e9n\u00e9rales sur le processus de certification par Brand Compliance&nbsp;;<\/li>\n<li>Une \u00e9valuation du syst\u00e8me de management&nbsp;;<\/li>\n<li>Un <a href=\"https:\/\/brandcompliance.com\/docs\/scope-omschrijven\/\" target=\"_blank\" rel=\"noopener\">scope<\/a> v\u00e9rifi\u00e9&nbsp;;<\/li>\n<li>Une estimation du d\u00e9lai dans lequel l&#8217;organisation sera pr\u00eate pour la certification&nbsp;;<\/li>\n<li><span class=\"TextRun SCXW197862621 BCX0\" lang=\"NL-NL\" xml:lang=\"NL-NL\" data-contrast=\"auto\"><span class=\"NormalTextRun SCXW197862621 BCX0\">Une estimation du temps n\u00e9cessaire \u00e0 la certification&nbsp;;<\/span><\/span><span class=\"EOP SCXW197862621 BCX0\" data-ccp-props=\"{\"201341983\":0,\"335551550\":1,\"335551620\":1,\"335559685\":851,\"335559739\":200,\"335559740\":276}\"> <\/span><\/li>\n<li>Un rapport, dans lequel les points ci-dessus sont trait\u00e9s, \u00e9ventuellement compl\u00e9t\u00e9 par d&#8217;autres observations et conclusions pertinentes.<\/li>\n<\/ul>\n<p>Gr\u00e2ce \u00e0 ces r\u00e9sultats, vous pouvez, si vous le souhaitez en collaboration avec votre conseiller, vous mettre au travail pour commencer le processus de certification bien pr\u00e9par\u00e9.<\/p>\n","protected":false},"excerpt":{"rendered":"<p>Vous voulez savoir si l&#8217;organisation est pr\u00eate pour la certification ou avez-vous besoin d&#8217;un aper\u00e7u de l&#8217;\u00e9tat de la mise en \u0153uvre du syst\u00e8me de&#8230;<\/p>\n","protected":false},"author":6,"featured_media":0,"parent":0,"menu_order":0,"comment_status":"closed","ping_status":"closed","template":"layouts\/diensten-layout.php","meta":{"_acf_changed":false,"footnotes":""},"class_list":["post-13412","page","type-page","status-publish","hentry"],"acf":[],"_links":{"self":[{"href":"https:\/\/brandcompliance.be\/fr\/wp-json\/wp\/v2\/pages\/13412","targetHints":{"allow":["GET"]}}],"collection":[{"href":"https:\/\/brandcompliance.be\/fr\/wp-json\/wp\/v2\/pages"}],"about":[{"href":"https:\/\/brandcompliance.be\/fr\/wp-json\/wp\/v2\/types\/page"}],"author":[{"embeddable":true,"href":"https:\/\/brandcompliance.be\/fr\/wp-json\/wp\/v2\/users\/6"}],"replies":[{"embeddable":true,"href":"https:\/\/brandcompliance.be\/fr\/wp-json\/wp\/v2\/comments?post=13412"}],"version-history":[{"count":0,"href":"https:\/\/brandcompliance.be\/fr\/wp-json\/wp\/v2\/pages\/13412\/revisions"}],"wp:attachment":[{"href":"https:\/\/brandcompliance.be\/fr\/wp-json\/wp\/v2\/media?parent=13412"}],"curies":[{"name":"wp","href":"https:\/\/api.w.org\/{rel}","templated":true}]}}