{"id":13413,"date":"2022-02-17T13:17:38","date_gmt":"2022-02-17T12:17:38","guid":{"rendered":"https:\/\/brandcompliance.be\/bureau-daudit-agree-par-la-vlaio\/"},"modified":"2025-08-20T12:27:12","modified_gmt":"2025-08-20T10:27:12","slug":"bureau-daudit-agree-par-la-vlaio","status":"publish","type":"page","link":"https:\/\/brandcompliance.be\/fr\/devenir-prestataire-de-services-pour-le-portefeuille-pme\/bureau-daudit-agree-par-la-vlaio\/","title":{"rendered":"Bureau d&#8217;audit agr\u00e9\u00e9 par la Vlaio"},"content":{"rendered":"<p>Nous sommes mandat\u00e9s par les <a href=\"https:\/\/www.vlaio.be\/nl\/subsidies-financiering\/kmo-portefeuille\/kmo-portefeuille-voor-dienstverleners\/de\/auditbureaus\" target=\"_blank\" rel=\"noopener\">autorit\u00e9s flamandes<\/a> et nous serions heureux de r\u00e9aliser pour vous l&#8217;audit n\u00e9cessaire \u00e0 l&#8217;obtention d&#8217;un <a href=\"https:\/\/brandcompliance.be\/kwaliteit\/kmo-portefeuille\/\">enregistrement au portefeuille PME<\/a>. Avant de choisir de demander un premier enregistrement au portefeuille PME ou de prolonger votre enregistrement existant, nous vous offrons la possibilit\u00e9 de poser vos questions lors d&#8217;une <a href=\"https:\/\/brandcompliance.be\/contact\/kennismaking-brand-compliance\/\">prise de contact<\/a>. Lors de cette prise de contact, vous pouvez poser vos questions concernant l&#8217;audit et le portefeuille PME en g\u00e9n\u00e9ral. Si vous devenez client de Brand Compliance, nous vous donnerons, lors d&#8217;une session de pr\u00e9paration, une explication d\u00e9taill\u00e9e de la norme \u00e0 tester et des pr\u00e9paratifs n\u00e9cessaires \u00e0 l&#8217;audit. Notre exp\u00e9rience aupr\u00e8s d&#8217;autres prestataires de services montre que cette pr\u00e9paration permet de garantir le bon d\u00e9roulement de la journ\u00e9e d&#8217;audit et d&#8217;optimiser les chances de succ\u00e8s. Ce n&#8217;est qu&#8217;apr\u00e8s cette prise de contact que vous d\u00e9ciderez si vous souhaitez que nous r\u00e9alisions l&#8217;audit.     <\/p>\n","protected":false},"excerpt":{"rendered":"<p>Nous sommes mandat\u00e9s par les autorit\u00e9s flamandes et nous serions heureux de r\u00e9aliser pour vous l&#8217;audit n\u00e9cessaire \u00e0 l&#8217;obtention d&#8217;un enregistrement au portefeuille PME. Avant&#8230;<\/p>\n","protected":false},"author":6,"featured_media":0,"parent":13435,"menu_order":1,"comment_status":"closed","ping_status":"closed","template":"layouts\/diensten-layout.php","meta":{"_acf_changed":false,"footnotes":""},"class_list":["post-13413","page","type-page","status-publish","hentry"],"acf":[],"_links":{"self":[{"href":"https:\/\/brandcompliance.be\/fr\/wp-json\/wp\/v2\/pages\/13413","targetHints":{"allow":["GET"]}}],"collection":[{"href":"https:\/\/brandcompliance.be\/fr\/wp-json\/wp\/v2\/pages"}],"about":[{"href":"https:\/\/brandcompliance.be\/fr\/wp-json\/wp\/v2\/types\/page"}],"author":[{"embeddable":true,"href":"https:\/\/brandcompliance.be\/fr\/wp-json\/wp\/v2\/users\/6"}],"replies":[{"embeddable":true,"href":"https:\/\/brandcompliance.be\/fr\/wp-json\/wp\/v2\/comments?post=13413"}],"version-history":[{"count":1,"href":"https:\/\/brandcompliance.be\/fr\/wp-json\/wp\/v2\/pages\/13413\/revisions"}],"predecessor-version":[{"id":13437,"href":"https:\/\/brandcompliance.be\/fr\/wp-json\/wp\/v2\/pages\/13413\/revisions\/13437"}],"up":[{"embeddable":true,"href":"https:\/\/brandcompliance.be\/fr\/wp-json\/wp\/v2\/pages\/13435"}],"wp:attachment":[{"href":"https:\/\/brandcompliance.be\/fr\/wp-json\/wp\/v2\/media?parent=13413"}],"curies":[{"name":"wp","href":"https:\/\/api.w.org\/{rel}","templated":true}]}}