{"id":13414,"date":"2022-12-06T14:47:42","date_gmt":"2022-12-06T13:47:42","guid":{"rendered":"https:\/\/brandcompliance.be\/explication-de-vos-droits\/"},"modified":"2025-08-20T12:26:10","modified_gmt":"2025-08-20T10:26:10","slug":"explication-de-vos-droits","status":"publish","type":"page","link":"https:\/\/brandcompliance.be\/fr\/organisme-de-certification\/declaration-de-confidentialite\/explication-de-vos-droits\/","title":{"rendered":"Explication de vos droits"},"content":{"rendered":"<p>Dans le cadre des diff\u00e9rents traitements, nous vous informons de la mani\u00e8re dont vous pouvez exercer une influence sur les donn\u00e9es personnelles que nous traitons vous concernant, par le biais de vos droits \u00e0 la vie priv\u00e9e. Nous expliquons plus pr\u00e9cis\u00e9ment ci-dessous ce que signifient les diff\u00e9rents droits. Si vous voulez vraiment tout savoir, vous pouvez consulter le RGPD <u><a href=\"https:\/\/wetten.overheid.nl\/BWBR0040940\/2020-01-01\/0\/\" target=\"_blank\" rel=\"noopener\">ici<\/a><\/u>&nbsp;; vos droits sont \u00e9nonc\u00e9s aux articles&nbsp;15 \u00e0&nbsp;22.<\/p>\n","protected":false},"excerpt":{"rendered":"<p>Dans le cadre des diff\u00e9rents traitements, nous vous informons de la mani\u00e8re dont vous pouvez exercer une influence sur les donn\u00e9es personnelles que nous traitons&#8230;<\/p>\n","protected":false},"author":6,"featured_media":0,"parent":13418,"menu_order":0,"comment_status":"closed","ping_status":"closed","template":"layouts\/blocks-layout.php","meta":{"_acf_changed":false,"footnotes":""},"class_list":["post-13414","page","type-page","status-publish","hentry"],"acf":[],"_links":{"self":[{"href":"https:\/\/brandcompliance.be\/fr\/wp-json\/wp\/v2\/pages\/13414","targetHints":{"allow":["GET"]}}],"collection":[{"href":"https:\/\/brandcompliance.be\/fr\/wp-json\/wp\/v2\/pages"}],"about":[{"href":"https:\/\/brandcompliance.be\/fr\/wp-json\/wp\/v2\/types\/page"}],"author":[{"embeddable":true,"href":"https:\/\/brandcompliance.be\/fr\/wp-json\/wp\/v2\/users\/6"}],"replies":[{"embeddable":true,"href":"https:\/\/brandcompliance.be\/fr\/wp-json\/wp\/v2\/comments?post=13414"}],"version-history":[{"count":1,"href":"https:\/\/brandcompliance.be\/fr\/wp-json\/wp\/v2\/pages\/13414\/revisions"}],"predecessor-version":[{"id":13419,"href":"https:\/\/brandcompliance.be\/fr\/wp-json\/wp\/v2\/pages\/13414\/revisions\/13419"}],"up":[{"embeddable":true,"href":"https:\/\/brandcompliance.be\/fr\/wp-json\/wp\/v2\/pages\/13418"}],"wp:attachment":[{"href":"https:\/\/brandcompliance.be\/fr\/wp-json\/wp\/v2\/media?parent=13414"}],"curies":[{"name":"wp","href":"https:\/\/api.w.org\/{rel}","templated":true}]}}