{"id":13417,"date":"2022-02-17T13:19:02","date_gmt":"2022-02-17T12:19:02","guid":{"rendered":"https:\/\/brandcompliance.be\/audit-du-portefeuille-pme-pour-les-starters\/"},"modified":"2025-08-20T12:27:13","modified_gmt":"2025-08-20T10:27:13","slug":"audit-du-portefeuille-pme-pour-les-starters","status":"publish","type":"page","link":"https:\/\/brandcompliance.be\/fr\/devenir-prestataire-de-services-pour-le-portefeuille-pme\/audit-du-portefeuille-pme-pour-les-starters\/","title":{"rendered":"Audit du portefeuille PME pour les starters"},"content":{"rendered":"<p>Avez-vous r\u00e9cemment d\u00e9marr\u00e9 des activit\u00e9s de formation ou de conseil&nbsp;? Alors, une <a href=\"https:\/\/brandcompliance.be\/kwaliteit\/kmo-portefeuille\/\">inscription au portefeuille PME<\/a> est \u00e9galement appropri\u00e9e pour vous&nbsp;! En tant que prestataire de services candidat d\u00e9butant, l\u2019audit est divis\u00e9 en deux parties. Dans la premi\u00e8re partie (audit de d\u00e9marrage), il est \u00e9valu\u00e9 si vous \u00eates \u00ab pr\u00eat \u00e0 d\u00e9marrer \u00bb pour la r\u00e9alisation des activit\u00e9s. Vous \u00eates alors encore exempt\u00e9 de \u00ab la preuve d\u2019exp\u00e9rience \u00bb et de \u00ab l\u2019enqu\u00eate de satisfaction client \u00bb. Apr\u00e8s une conclusion positive de la premi\u00e8re partie, un acc\u00e8s vous est accord\u00e9 pour une p\u00e9riode de deux ans. Apr\u00e8s deux ans, la partie 2 (audit de suivi) suit sur l\u2019exp\u00e9rience acquise et la satisfaction client. Si cette partie a un r\u00e9sultat positif, la date de fin est prolong\u00e9e de trois ans.       <\/p>\n<h2>Demander des informations<\/h2>\n<script type=\"text\/javascript\">\n\/* <![CDATA[ *\/\nvar gform;gform||(document.addEventListener(\"gform_main_scripts_loaded\",function(){gform.scriptsLoaded=!0}),document.addEventListener(\"gform\/theme\/scripts_loaded\",function(){gform.themeScriptsLoaded=!0}),window.addEventListener(\"DOMContentLoaded\",function(){gform.domLoaded=!0}),gform={domLoaded:!1,scriptsLoaded:!1,themeScriptsLoaded:!1,isFormEditor:()=>\"function\"==typeof InitializeEditor,callIfLoaded:function(o){return!(!gform.domLoaded||!gform.scriptsLoaded||!gform.themeScriptsLoaded&&!gform.isFormEditor()||(gform.isFormEditor()&&console.warn(\"The use of gform.initializeOnLoaded() is deprecated in the form editor context and will be removed in Gravity Forms 3.1.\"),o(),0))},initializeOnLoaded:function(o){gform.callIfLoaded(o)||(document.addEventListener(\"gform_main_scripts_loaded\",()=>{gform.scriptsLoaded=!0,gform.callIfLoaded(o)}),document.addEventListener(\"gform\/theme\/scripts_loaded\",()=>{gform.themeScriptsLoaded=!0,gform.callIfLoaded(o)}),window.addEventListener(\"DOMContentLoaded\",()=>{gform.domLoaded=!0,gform.callIfLoaded(o)}))},hooks:{action:{},filter:{}},addAction:function(o,r,e,t){gform.addHook(\"action\",o,r,e,t)},addFilter:function(o,r,e,t){gform.addHook(\"filter\",o,r,e,t)},doAction:function(o){gform.doHook(\"action\",o,arguments)},applyFilters:function(o){return gform.doHook(\"filter\",o,arguments)},removeAction:function(o,r){gform.removeHook(\"action\",o,r)},removeFilter:function(o,r,e){gform.removeHook(\"filter\",o,r,e)},addHook:function(o,r,e,t,n){null==gform.hooks[o][r]&&(gform.hooks[o][r]=[]);var d=gform.hooks[o][r];null==n&&(n=r+\"_\"+d.length),gform.hooks[o][r].push({tag:n,callable:e,priority:t=null==t?10:t})},doHook:function(r,o,e){var t;if(e=Array.prototype.slice.call(e,1),null!=gform.hooks[r][o]&&((o=gform.hooks[r][o]).sort(function(o,r){return o.priority-r.priority}),o.forEach(function(o){\"function\"!=typeof(t=o.callable)&&(t=window[t]),\"action\"==r?t.apply(null,e):e[0]=t.apply(null,e)})),\"filter\"==r)return e[0]},removeHook:function(o,r,t,n){var e;null!=gform.hooks[o][r]&&(e=(e=gform.hooks[o][r]).filter(function(o,r,e){return!!(null!=n&&n!=o.tag||null!=t&&t!=o.priority)}),gform.hooks[o][r]=e)}});\n\/* ]]> *\/\n<\/script>\n\n                <div class='gf_browser_gecko gform_wrapper gravity-theme gform-theme--no-framework' data-form-theme='gravity-theme' data-form-index='0' id='gform_wrapper_66' ><form method='post' enctype='multipart\/form-data'  id='gform_66'  action='\/fr\/wp-json\/wp\/v2\/pages\/13417' data-formid='66' novalidate>\t\t\t\t\t<div style=\"display: none !important;\" class=\"akismet-fields-container gf_invisible\" data-prefix=\"ak_\">\n\t\t\t\t\t\t<label>&#916;<textarea name=\"ak_hp_textarea\" cols=\"45\" rows=\"8\" maxlength=\"100\"><\/textarea><\/label>\n\t\t\t\t\t\t<input type=\"hidden\" id=\"ak_js_1\" name=\"ak_js\" value=\"0\" \/>\n\t\t\t\t\t\t<script type=\"text\/javascript\">\n\/* <![CDATA[ *\/\ndocument.getElementById( \"ak_js_1\" ).setAttribute( \"value\", ( new Date() ).getTime() );\n\/* ]]> *\/\n<\/script>\n\n\t\t\t\t\t<\/div><div class='gf_invisible ginput_recaptchav3' data-sitekey='6LdoMowsAAAAACuCbsPDEQ05qSX8U-BwEMfCZ3fY' data-tabindex='0'><input id=\"input_93d9183bc0fedfb9687afec7dc69ff2b\" class=\"gfield_recaptcha_response\" type=\"hidden\" name=\"input_93d9183bc0fedfb9687afec7dc69ff2b\" value=\"\"\/><\/div>\n                        <div class='gform-body gform_body'><div id='gform_fields_66' class='gform_fields top_label form_sublabel_above description_below validation_below'><div id=\"field_66_27\" class=\"gfield gfield--type-honeypot gform_validation_container field_sublabel_above gfield--has-description field_description_below field_validation_below gfield_visibility_visible\"  ><label class='gfield_label gform-field-label' for='input_66_27'>Company<\/label><div class='ginput_container'><input name='input_27' id='input_66_27' type='text' value='' autocomplete='new-password'\/><\/div><div class='gfield_description' id='gfield_description_66_27'>Ce champ n\u2019est utilis\u00e9 qu\u2019\u00e0 des fins de validation et devrait rester inchang\u00e9.<\/div><\/div><div id=\"field_66_20\" class=\"gfield gfield--type-text gfield--input-type-text gfield--width-half field_sublabel_above gfield--no-description field_description_below hidden_label field_validation_below gfield_visibility_visible\"  ><label class='gfield_label gform-field-label' for='input_66_20'>Contactpersoon<\/label><div class='ginput_container ginput_container_text'><input name='input_20' id='input_66_20' type='text' value='' class='large'    placeholder='Contactpersoon'  aria-invalid=\"false\"   \/><\/div><\/div><div id=\"field_66_16\" class=\"gfield gfield--type-text gfield--input-type-text gfield--width-half field_sublabel_above gfield--no-description field_description_below hidden_label field_validation_below gfield_visibility_visible\"  ><label class='gfield_label gform-field-label' for='input_66_16'>Bedrijfsnaam<\/label><div class='ginput_container ginput_container_text'><input name='input_16' id='input_66_16' type='text' value='' class='large'    placeholder='Bedrijfsnaam'  aria-invalid=\"false\"   \/><\/div><\/div><div id=\"field_66_23\" class=\"gfield gfield--type-email gfield--input-type-email gfield--width-half field_sublabel_above gfield--no-description field_description_below hidden_label field_validation_below gfield_visibility_visible\"  ><label class='gfield_label gform-field-label' for='input_66_23'>E-mailadres<\/label><div class='ginput_container ginput_container_email'>\n                            <input name='input_23' id='input_66_23' type='email' value='' class='large'   placeholder='E-mailadres'  aria-invalid=\"false\"  \/>\n                        <\/div><\/div><div id=\"field_66_22\" class=\"gfield gfield--type-phone gfield--input-type-phone gfield--width-half field_sublabel_above gfield--no-description field_description_below hidden_label field_validation_below gfield_visibility_visible\"  ><label class='gfield_label gform-field-label' for='input_66_22'>Telefoon<\/label><div class='ginput_container ginput_container_phone'><input name='input_22' id='input_66_22' type='tel' value='' class='large'  placeholder='Telefoonnummer'  aria-invalid=\"false\"   \/><\/div><\/div><div id=\"field_66_26\" class=\"gfield gfield--type-text gfield--input-type-text gfield--width-full field_sublabel_above gfield--no-description field_description_below hidden_label field_validation_below gfield_visibility_visible\"  ><label class='gfield_label gform-field-label' for='input_66_26'>Type dienstverlening<\/label><div class='ginput_container ginput_container_text'><input name='input_26' id='input_66_26' type='text' value='' class='large'    placeholder='Type dienstverlening (opleiding \/ advies \/ beide)'  aria-invalid=\"false\"   \/><\/div><\/div><div id=\"field_66_25\" class=\"gfield gfield--type-captcha gfield--input-type-captcha gfield--width-full field_sublabel_above gfield--no-description field_description_below hidden_label field_validation_below gfield_visibility_visible\"  ><label class='gfield_label gform-field-label' for='input_66_25'>CAPTCHA<\/label><div id='input_66_25' class='ginput_container ginput_recaptcha' data-sitekey='6LdoMowsAAAAACuCbsPDEQ05qSX8U-BwEMfCZ3fY'  data-theme='light' data-tabindex='-1' data-size='invisible' data-badge='bottomright'><\/div><\/div><\/div><\/div>\n        <div class='gform-footer gform_footer top_label'> <input type='submit' id='gform_submit_button_66' class='gform_button button' onclick='gform.submission.handleButtonClick(this);' data-submission-type='submit' value='Laat mijn situatie beoordelen'  \/> \n            <input type='hidden' class='gform_hidden' name='gform_submission_method' data-js='gform_submission_method_66' value='postback' \/>\n            <input type='hidden' class='gform_hidden' name='gform_theme' data-js='gform_theme_66' id='gform_theme_66' value='gravity-theme' \/>\n            <input type='hidden' class='gform_hidden' name='gform_style_settings' data-js='gform_style_settings_66' id='gform_style_settings_66' value='[]' \/>\n            <input type='hidden' class='gform_hidden' name='is_submit_66' value='1' \/>\n            <input type='hidden' class='gform_hidden' name='gform_submit' value='66' \/>\n            \n            <input type='hidden' class='gform_hidden' name='gform_currency' data-currency='EUR' value='HAU\/mulet1gvEcuurt1sdBiLvNDZg1N1jEUSmrHYznWedfr\/w1YUr46+orpJhpM5xCRFHX8T261Qv8eXsNgvUbCqHbxSaH4UdwZznspj08nLyiE=' \/>\n            <input type='hidden' class='gform_hidden' name='gform_unique_id' value='' \/>\n            <input type='hidden' class='gform_hidden' name='state_66' value='WyJbXSIsIjM5YzdlY2E2OTI1ZmE0YjAxMDJlNDBmYmZjMjY5YzcwIl0=' \/>\n            <input type='hidden' autocomplete='off' class='gform_hidden' name='gform_target_page_number_66' id='gform_target_page_number_66' value='0' \/>\n            <input type='hidden' autocomplete='off' class='gform_hidden' name='gform_source_page_number_66' id='gform_source_page_number_66' value='1' \/>\n            <input type='hidden' name='gform_field_values' value='' \/>\n            \n        <\/div>\n                        <\/form>\n                        <\/div><script type=\"text\/javascript\">\n\/* <![CDATA[ *\/\n gform.initializeOnLoaded( function() {gformInitSpinner( 66, 'https:\/\/brandcompliance.be\/wp-content\/plugins\/gravityforms\/images\/spinner.svg', true );jQuery('#gform_ajax_frame_66').on('load',function(){var contents = jQuery(this).contents().find('*').html();var is_postback = contents.indexOf('GF_AJAX_POSTBACK') >= 0;if(!is_postback){return;}var form_content = jQuery(this).contents().find('#gform_wrapper_66');var is_confirmation = jQuery(this).contents().find('#gform_confirmation_wrapper_66').length > 0;var is_redirect = contents.indexOf('gformRedirect(){') >= 0;var is_form = form_content.length > 0 && ! is_redirect && ! is_confirmation;var mt = parseInt(jQuery('html').css('margin-top'), 10) + parseInt(jQuery('body').css('margin-top'), 10) + 100;if(is_form){jQuery('#gform_wrapper_66').html(form_content.html());if(form_content.hasClass('gform_validation_error')){jQuery('#gform_wrapper_66').addClass('gform_validation_error');} else {jQuery('#gform_wrapper_66').removeClass('gform_validation_error');}setTimeout( function() { \/* delay the scroll by 50 milliseconds to fix a bug in chrome *\/  }, 50 );if(window['gformInitDatepicker']) {gformInitDatepicker();}if(window['gformInitPriceFields']) {gformInitPriceFields();}var current_page = jQuery('#gform_source_page_number_66').val();gformInitSpinner( 66, 'https:\/\/brandcompliance.be\/wp-content\/plugins\/gravityforms\/images\/spinner.svg', true );jQuery(document).trigger('gform_page_loaded', [66, current_page]);window['gf_submitting_66'] = false;}else if(!is_redirect){var confirmation_content = jQuery(this).contents().find('.GF_AJAX_POSTBACK').html();if(!confirmation_content){confirmation_content = contents;}jQuery('#gform_wrapper_66').replaceWith(confirmation_content);jQuery(document).trigger('gform_confirmation_loaded', [66]);window['gf_submitting_66'] = false;wp.a11y.speak(jQuery('#gform_confirmation_message_66').text());}else{jQuery('#gform_66').append(contents);if(window['gformRedirect']) {gformRedirect();}}jQuery(document).trigger(\"gform_pre_post_render\", [{ formId: \"66\", currentPage: \"current_page\", abort: function() { this.preventDefault(); } }]);        if (event && event.defaultPrevented) {                return;        }        const gformWrapperDiv = document.getElementById( \"gform_wrapper_66\" );        if ( gformWrapperDiv ) {            const visibilitySpan = document.createElement( \"span\" );            visibilitySpan.id = \"gform_visibility_test_66\";            gformWrapperDiv.insertAdjacentElement( \"afterend\", visibilitySpan );        }        const visibilityTestDiv = document.getElementById( \"gform_visibility_test_66\" );        let postRenderFired = false;        function triggerPostRender() {            if ( postRenderFired ) {                return;            }            postRenderFired = true;            gform.core.triggerPostRenderEvents( 66, current_page );            if ( visibilityTestDiv ) {                visibilityTestDiv.parentNode.removeChild( visibilityTestDiv );            }        }        function debounce( func, wait, immediate ) {            var timeout;            return function() {                var context = this, args = arguments;                var later = function() {                    timeout = null;                    if ( !immediate ) func.apply( context, args );                };                var callNow = immediate && !timeout;                clearTimeout( timeout );                timeout = setTimeout( later, wait );                if ( callNow ) func.apply( context, args );            };        }        const debouncedTriggerPostRender = debounce( function() {            triggerPostRender();        }, 200 );        if ( visibilityTestDiv && visibilityTestDiv.offsetParent === null ) {            const observer = new MutationObserver( ( mutations ) => {                mutations.forEach( ( mutation ) => {                    if ( mutation.type === 'attributes' && visibilityTestDiv.offsetParent !== null ) {                        debouncedTriggerPostRender();                        observer.disconnect();                    }                });            });            observer.observe( document.body, {                attributes: true,                childList: false,                subtree: true,                attributeFilter: [ 'style', 'class' ],            });        } else {            triggerPostRender();        }    } );} ); \n\/* ]]> *\/\n<\/script>\n\n","protected":false},"excerpt":{"rendered":"<p>Avez-vous r\u00e9cemment d\u00e9marr\u00e9 des activit\u00e9s de formation ou de conseil&nbsp;? Alors, une inscription au portefeuille PME est \u00e9galement appropri\u00e9e pour vous&nbsp;! En tant que prestataire&#8230;<\/p>\n","protected":false},"author":6,"featured_media":0,"parent":13435,"menu_order":2,"comment_status":"closed","ping_status":"closed","template":"layouts\/diensten-layout.php","meta":{"_acf_changed":false,"footnotes":""},"class_list":["post-13417","page","type-page","status-publish","hentry"],"acf":[],"_links":{"self":[{"href":"https:\/\/brandcompliance.be\/fr\/wp-json\/wp\/v2\/pages\/13417","targetHints":{"allow":["GET"]}}],"collection":[{"href":"https:\/\/brandcompliance.be\/fr\/wp-json\/wp\/v2\/pages"}],"about":[{"href":"https:\/\/brandcompliance.be\/fr\/wp-json\/wp\/v2\/types\/page"}],"author":[{"embeddable":true,"href":"https:\/\/brandcompliance.be\/fr\/wp-json\/wp\/v2\/users\/6"}],"replies":[{"embeddable":true,"href":"https:\/\/brandcompliance.be\/fr\/wp-json\/wp\/v2\/comments?post=13417"}],"version-history":[{"count":1,"href":"https:\/\/brandcompliance.be\/fr\/wp-json\/wp\/v2\/pages\/13417\/revisions"}],"predecessor-version":[{"id":13438,"href":"https:\/\/brandcompliance.be\/fr\/wp-json\/wp\/v2\/pages\/13417\/revisions\/13438"}],"up":[{"embeddable":true,"href":"https:\/\/brandcompliance.be\/fr\/wp-json\/wp\/v2\/pages\/13435"}],"wp:attachment":[{"href":"https:\/\/brandcompliance.be\/fr\/wp-json\/wp\/v2\/media?parent=13417"}],"curies":[{"name":"wp","href":"https:\/\/api.w.org\/{rel}","templated":true}]}}