{"id":13418,"date":"2022-06-13T16:41:56","date_gmt":"2022-06-13T14:41:56","guid":{"rendered":"https:\/\/brandcompliance.be\/declaration-de-confidentialite\/"},"modified":"2026-03-13T16:12:28","modified_gmt":"2026-03-13T15:12:28","slug":"declaration-de-confidentialite","status":"publish","type":"page","link":"https:\/\/brandcompliance.be\/fr\/organisme-de-certification\/declaration-de-confidentialite\/","title":{"rendered":"D\u00e9claration de confidentialit\u00e9"},"content":{"rendered":"<p>Dans le cadre de nos services, nous traitons toutes sortes de donn\u00e9es. Il s&#8217;agit parfois de donn\u00e9es \u00e0 caract\u00e8re personnel. Nous vous informons de cela dans la pr\u00e9sente d\u00e9claration de confidentialit\u00e9. Vous pouvez facilement consulter ici, par th\u00e8me, les donn\u00e9es (\u00e0 caract\u00e8re personnel) que nous traitons \u00e0 votre sujet. Vous pouvez lire ce que nous faisons de vos donn\u00e9es et comment vous pouvez exercer votre contr\u00f4le \u00e0 cet \u00e9gard. Si, contre toute attente, vous ne trouvez pas les informations que vous recherchez, vous pouvez toujours nous contacter via notre formulaire de contact ou \u00e0 l&#8217;aide des coordonn\u00e9es figurant au bas de notre site web. Nous nous ferons un plaisir de vous aider !<\/p>\n","protected":false},"excerpt":{"rendered":"<p>Dans le cadre de nos services, nous traitons toutes sortes de donn\u00e9es. Il s&#8217;agit parfois de donn\u00e9es \u00e0 caract\u00e8re personnel. Nous vous informons de cela&#8230;<\/p>\n","protected":false},"author":6,"featured_media":0,"parent":13492,"menu_order":2,"comment_status":"closed","ping_status":"closed","template":"layouts\/blocks-layout.php","meta":{"_acf_changed":false,"footnotes":""},"class_list":["post-13418","page","type-page","status-publish","hentry"],"acf":[],"_links":{"self":[{"href":"https:\/\/brandcompliance.be\/fr\/wp-json\/wp\/v2\/pages\/13418","targetHints":{"allow":["GET"]}}],"collection":[{"href":"https:\/\/brandcompliance.be\/fr\/wp-json\/wp\/v2\/pages"}],"about":[{"href":"https:\/\/brandcompliance.be\/fr\/wp-json\/wp\/v2\/types\/page"}],"author":[{"embeddable":true,"href":"https:\/\/brandcompliance.be\/fr\/wp-json\/wp\/v2\/users\/6"}],"replies":[{"embeddable":true,"href":"https:\/\/brandcompliance.be\/fr\/wp-json\/wp\/v2\/comments?post=13418"}],"version-history":[{"count":7,"href":"https:\/\/brandcompliance.be\/fr\/wp-json\/wp\/v2\/pages\/13418\/revisions"}],"predecessor-version":[{"id":14857,"href":"https:\/\/brandcompliance.be\/fr\/wp-json\/wp\/v2\/pages\/13418\/revisions\/14857"}],"up":[{"embeddable":true,"href":"https:\/\/brandcompliance.be\/fr\/wp-json\/wp\/v2\/pages\/13492"}],"wp:attachment":[{"href":"https:\/\/brandcompliance.be\/fr\/wp-json\/wp\/v2\/media?parent=13418"}],"curies":[{"name":"wp","href":"https:\/\/api.w.org\/{rel}","templated":true}]}}