{"id":13421,"date":"2023-03-30T12:22:32","date_gmt":"2023-03-30T10:22:32","guid":{"rendered":"https:\/\/brandcompliance.be\/contact-2\/entretien-de-prise-de-contact\/"},"modified":"2025-10-20T12:39:07","modified_gmt":"2025-10-20T10:39:07","slug":"entretien-de-prise-de-contact","status":"publish","type":"page","link":"https:\/\/brandcompliance.be\/fr\/contact\/entretien-de-prise-de-contact\/","title":{"rendered":"Entretien de prise de contact"},"content":{"rendered":"<p>Vous souhaitez en savoir plus sur la certification qui convient \u00e0 votre organisation\u00a0? Ou souhaitez-vous en savoir plus sur les diff\u00e9rences entre <a href=\"https:\/\/brandcompliance.com\/diensten\/avg\/bc-5701\/\" target=\"_blank\" rel=\"noopener\">BC 5701<\/a> et <a href=\"https:\/\/brandcompliance.com\/diensten\/avg\/iso-27701-certificering\/\" target=\"_blank\" rel=\"noopener\">ISO 27701<\/a> ? Planifiez un entretien de prise de contact avec Jade Reilink\u00a0!<\/p>\n<h2><img loading=\"lazy\" decoding=\"async\" class=\"alignleft wp-image-17365\" src=\"https:\/\/brandcompliance.com\/wp-content\/uploads\/2023\/03\/pexels-arshad-sutar-1749303-300x200.jpg\" alt=\"entretien de prise de contact\" width=\"345\" height=\"230\" title=\"\">Planifiez une conversation\u00a0!<\/h2>\n<ul>\n<li><span style=\"color: #222222;\">Lors d\u2019un entretien gratuit et sans engagement, Jade peuvent tout vous expliquer sur les diff\u00e9rentes normes en mati\u00e8re de s\u00e9curit\u00e9 de l\u2019information, de confidentialit\u00e9 et de qualit\u00e9.<\/span><\/li>\n<li><span style=\"color: #222222;\">Ils en savent \u00e9galement beaucoup sur les normes moins connues, telles que <a href=\"https:\/\/brandcompliance.com\/diensten\/iso-22301\/\" target=\"_blank\" rel=\"noopener\">ISO 22301<\/a>, <a href=\"https:\/\/brandcompliance.com\/isae-3402-verklaring\/\" target=\"_blank\" rel=\"noopener\">ISAE 3402<\/a>, <a href=\"https:\/\/brandcompliance.com\/diensten\/soc-2\/\" target=\"_blank\" rel=\"noopener\">SOC 1, 2 &amp; 3<\/a>. <\/span><\/li>\n<li><span style=\"color: #222222;\">Discutez avec Jade des normes qui conviennent \u00e0 votre organisation et de la mani\u00e8re de les mettre en \u0153uvre.<\/span><\/li>\n<li>\u00c0 partir de l\u2019entretien de prise de contact, une indication des co\u00fbts peut \u00eatre donn\u00e9e, sur la base des donn\u00e9es n\u00e9cessaires de votre organisation.<\/li>\n<\/ul>\n","protected":false},"excerpt":{"rendered":"<p>Vous souhaitez en savoir plus sur la certification qui convient \u00e0 votre organisation\u00a0? Ou souhaitez-vous en savoir plus sur les diff\u00e9rences entre BC 5701 et&#8230;<\/p>\n","protected":false},"author":6,"featured_media":13381,"parent":13410,"menu_order":2,"comment_status":"closed","ping_status":"closed","template":"layouts\/training-layout.php","meta":{"_acf_changed":false,"footnotes":""},"class_list":["post-13421","page","type-page","status-publish","has-post-thumbnail","hentry"],"acf":[],"_links":{"self":[{"href":"https:\/\/brandcompliance.be\/fr\/wp-json\/wp\/v2\/pages\/13421","targetHints":{"allow":["GET"]}}],"collection":[{"href":"https:\/\/brandcompliance.be\/fr\/wp-json\/wp\/v2\/pages"}],"about":[{"href":"https:\/\/brandcompliance.be\/fr\/wp-json\/wp\/v2\/types\/page"}],"author":[{"embeddable":true,"href":"https:\/\/brandcompliance.be\/fr\/wp-json\/wp\/v2\/users\/6"}],"replies":[{"embeddable":true,"href":"https:\/\/brandcompliance.be\/fr\/wp-json\/wp\/v2\/comments?post=13421"}],"version-history":[{"count":3,"href":"https:\/\/brandcompliance.be\/fr\/wp-json\/wp\/v2\/pages\/13421\/revisions"}],"predecessor-version":[{"id":14006,"href":"https:\/\/brandcompliance.be\/fr\/wp-json\/wp\/v2\/pages\/13421\/revisions\/14006"}],"up":[{"embeddable":true,"href":"https:\/\/brandcompliance.be\/fr\/wp-json\/wp\/v2\/pages\/13410"}],"wp:featuredmedia":[{"embeddable":true,"href":"https:\/\/brandcompliance.be\/fr\/wp-json\/wp\/v2\/media\/13381"}],"wp:attachment":[{"href":"https:\/\/brandcompliance.be\/fr\/wp-json\/wp\/v2\/media?parent=13421"}],"curies":[{"name":"wp","href":"https:\/\/api.w.org\/{rel}","templated":true}]}}