{"id":13425,"date":"2022-02-14T11:52:54","date_gmt":"2022-02-14T10:52:54","guid":{"rendered":"https:\/\/brandcompliance.be\/obtenir-lenregistrement-de-qualite-wse-avec-bc-9022\/"},"modified":"2022-02-14T11:52:54","modified_gmt":"2022-02-14T10:52:54","slug":"obtenir-lenregistrement-de-qualite-wse-avec-bc-9022","status":"publish","type":"page","link":"https:\/\/brandcompliance.be\/fr\/obtenir-lenregistrement-de-qualite-wse-avec-bc-9022\/","title":{"rendered":"Obtenir l&#8217;enregistrement de qualit\u00e9 WSE avec BC 9022"},"content":{"rendered":"<p>Vous souhaitez faire reconna\u00eetre une formation qui donne droit au <a href=\"https:\/\/www.vlaanderen.be\/werken\/opleiding-op-de-werkplek\/als-werknemer-een-opleiding-volgen\/vlaams-opleidingsverlof\" target=\"_blank\" rel=\"noopener\">cong\u00e9 de formation flamand<\/a> ? Effectuez-vous des services de placement pour le compte du <a href=\"https:\/\/www.vdab.be\/\" target=\"_blank\" rel=\"noopener\">VDAB<\/a> ? Votre entreprise de travail adapt\u00e9 accompagne-t-elle des personnes handicap\u00e9es au travail ? Ce ne sont l\u00e0 que quelques exemples de services pour lesquels le domaine politique de l&#8217;Emploi et de l&#8217;\u00c9conomie sociale fait appel \u00e0 des prestataires de services.   <\/p>\n<p>Depuis septembre 2019, les prestataires de services dans le domaine politique de l&#8217;Emploi et de l&#8217;\u00c9conomie sociale doivent se conformer au <a href=\"https:\/\/www.vlaanderen.be\/kwaliteits-en-registratiemodel-van-dienstverleners-binnen-werk-en-sociale-economie\" target=\"_blank\" rel=\"noopener\">mod\u00e8le de qualit\u00e9 et d&#8217;enregistrement des prestataires de services dans le domaine de l&#8217;Emploi et de l&#8217;\u00c9conomie sociale<\/a>.<\/p>\n<p>Vous souhaitez un enregistrement de qualit\u00e9 WSE et prouver que vous r\u00e9pondez aux exigences de qualit\u00e9 ? Alors le label de qualit\u00e9 BC 9022 est fait pour vous. En respectant la norme BC 9022, vous prouvez que votre organisation r\u00e9pond aux normes de qualit\u00e9 requises. D\u00e9couvrez ci-dessous plus d&#8217;informations sur l&#8217;enregistrement de qualit\u00e9 WSE et comment l&#8217;obtenir.   <\/p>\n<h2>Qu&#8217;est-ce qu&#8217;un label de qualit\u00e9 BC 9022 ?<\/h2>\n<h2><img loading=\"lazy\" decoding=\"async\" class=\"alignleft wp-image-16324 size-medium\" src=\"https:\/\/brandcompliance.com\/wp-content\/uploads\/2022\/12\/BC_Certificatiestandaard_BC9022-NORM_LR_Pagina_01.jpg-212x300.webp\" alt=\"Enregistrement de qualit\u00e9 WSE\" width=\"212\" height=\"300\" title=\"\"><\/h2>\n<p>Seules les preuves de qualit\u00e9 d\u00e9livr\u00e9es par des organismes d&#8217;audit ou d&#8217;\u00e9valuation agr\u00e9\u00e9s sont accept\u00e9es. Brand Compliance est un organisme d&#8217;audit agr\u00e9\u00e9. Nous avons d\u00e9velopp\u00e9 le label de qualit\u00e9 BC 9022.  <\/p>\n<p>Avec le label de qualit\u00e9 BC 9022, vous remplissez les conditions d\u00e9crites dans la <a href=\"https:\/\/brandcompliance.be\/product\/certificatiestandaard-bc-90222020\/\">norme de certification BC 9022:2020<\/a>. Ces exigences de qualit\u00e9 sont divis\u00e9es en trois th\u00e8mes : service \u00e0 la client\u00e8le, gestion du personnel et gestion financi\u00e8re. Apr\u00e8s avoir obtenu le certificat, vous pouvez vous (re)enregistrer aupr\u00e8s du <a href=\"https:\/\/www.vlaanderen.be\/departement-wewis-werk-sociale-economie\/overzicht-dienstverlening\/wse-loket-aanmelden-als-particulier-en-als-professioneel\" target=\"_blank\" rel=\"noopener\">guichet WSE<\/a>.  <\/p>\n<h2>\u00c0 qui s&#8217;adresse le label de qualit\u00e9 BC 9022 WSE ?<\/h2>\n<p>Le label de qualit\u00e9 BC 9022 a \u00e9t\u00e9 d\u00e9velopp\u00e9 pour les petites et les grandes organisations. Il est applicable aux prestataires de services actifs dans le cadre de la formation, de l&#8217;accompagnement, du placement, du d\u00e9veloppement des comp\u00e9tences et du conseil, quel que soit le secteur. <\/p>\n<p>Il est important que votre organisation dispose d&#8217;un label de qualit\u00e9 adapt\u00e9 \u00e0 votre vision de la gestion de la qualit\u00e9. Une grande attention y a donc \u00e9t\u00e9 accord\u00e9e lors du d\u00e9veloppement de notre label. <\/p>\n<p>Proposez-vous une ou plusieurs des mesures du VDAB ou du D\u00e9partement de l&#8217;Emploi et de l&#8217;\u00c9conomie sociale, pour lesquelles vous et\/ou vos clients recevez un soutien financier, des subventions ou une autre forme de soutien du domaine politique WSE ? Dans ce cas, vous \u00eates tenu d&#8217;avoir un label de qualit\u00e9<strong>.<\/strong> <\/p>\n<p>Avec le label de qualit\u00e9 BC 9022, vous pouvez \u00e9galement prouver que vous r\u00e9pondez aux exigences de qualit\u00e9 impos\u00e9es par le domaine politique WSE.<\/p>\n<p><a href=\"https:\/\/brandcompliance.be\/kwaliteit\/wse-kwaliteitsregistratie\/procedure-wse-kwaliteitslabel\/\">En savoir plus sur la proc\u00e9dure.<\/a><\/p>\n<h3>Combien co\u00fbte un enregistrement de qualit\u00e9 WSE ?<\/h3>\n<p>Le prix d&#8217;un audit du label de qualit\u00e9 BC 9022 varie entre 1 200 et 3 640 euros hors TVA. Les co\u00fbts d\u00e9pendent notamment de la taille de votre organisation, mais aussi du nombre de dossiers trait\u00e9s chaque ann\u00e9e. Le certificat du label de qualit\u00e9 BC 9022 est valable trois ans.  <\/p>\n<p>Pour les prestataires de services qui ont d\u00e9marr\u00e9 r\u00e9cemment et qui peuvent pr\u00e9senter moins de 10 dossiers, il existe la possibilit\u00e9 d&#8217;un audit limit\u00e9, suivi d&#8217;un audit de suivi. Le premier audit pour les prestataires de services avec moins de 10 dossiers par an commence \u00e0 1 200 euros hors TVA. <\/p>\n","protected":false},"excerpt":{"rendered":"<p>Vous souhaitez faire reconna\u00eetre une formation qui donne droit au cong\u00e9 de formation flamand ? Effectuez-vous des services de placement pour le compte du VDAB&#8230;<\/p>\n","protected":false},"author":6,"featured_media":13312,"parent":0,"menu_order":2,"comment_status":"closed","ping_status":"closed","template":"layouts\/diensten-layout.php","meta":{"_acf_changed":false,"footnotes":""},"class_list":["post-13425","page","type-page","status-publish","has-post-thumbnail","hentry"],"acf":[],"_links":{"self":[{"href":"https:\/\/brandcompliance.be\/fr\/wp-json\/wp\/v2\/pages\/13425","targetHints":{"allow":["GET"]}}],"collection":[{"href":"https:\/\/brandcompliance.be\/fr\/wp-json\/wp\/v2\/pages"}],"about":[{"href":"https:\/\/brandcompliance.be\/fr\/wp-json\/wp\/v2\/types\/page"}],"author":[{"embeddable":true,"href":"https:\/\/brandcompliance.be\/fr\/wp-json\/wp\/v2\/users\/6"}],"replies":[{"embeddable":true,"href":"https:\/\/brandcompliance.be\/fr\/wp-json\/wp\/v2\/comments?post=13425"}],"version-history":[{"count":0,"href":"https:\/\/brandcompliance.be\/fr\/wp-json\/wp\/v2\/pages\/13425\/revisions"}],"wp:featuredmedia":[{"embeddable":true,"href":"https:\/\/brandcompliance.be\/fr\/wp-json\/wp\/v2\/media\/13312"}],"wp:attachment":[{"href":"https:\/\/brandcompliance.be\/fr\/wp-json\/wp\/v2\/media?parent=13425"}],"curies":[{"name":"wp","href":"https:\/\/api.w.org\/{rel}","templated":true}]}}