{"id":13426,"date":"2022-05-31T20:37:24","date_gmt":"2022-05-31T18:37:24","guid":{"rendered":"https:\/\/brandcompliance.be\/certification-iso-19770-1\/"},"modified":"2025-10-28T13:48:58","modified_gmt":"2025-10-28T12:48:58","slug":"certification-iso-19770-1","status":"publish","type":"page","link":"https:\/\/brandcompliance.be\/fr\/certification-iso-19770-1\/","title":{"rendered":"Certification et audit ISO 19770-1"},"content":{"rendered":"<h2><strong><img loading=\"lazy\" decoding=\"async\" class=\"alignleft wp-image-16838 size-medium\" src=\"https:\/\/brandcompliance.com\/wp-content\/uploads\/2023\/02\/pexels-brett-jordan-10044789-300x225.jpg\" alt=\"ISO 19770-1\" width=\"300\" height=\"225\" title=\"\">Qu\u2019est-ce que l\u2019ISO 19770-1 ?<br \/>\n<\/strong><\/h2>\n<p>La norme ISO 19770-1 d\u00e9finit un syst\u00e8me de management d\u00e9di\u00e9 \u00e0 la gestion des actifs informatiques (ITAM). Cette norme donne une vue d\u2019ensemble des diff\u00e9rents types d\u2019actifs IT et les examine de mani\u00e8re structur\u00e9e, en tenant compte des diff\u00e9rentes \u00e9tapes de leur cycle de vie. La norme accorde \u00e9galement une attention particuli\u00e8re \u00e0 l\u2019interaction avec d\u2019autres processus connexes, tels que les processus financiers ou ceux li\u00e9s \u00e0 la s\u00e9curit\u00e9 de l\u2019information, en adoptant une approche fond\u00e9e sur les risques.<\/p>\n<h2><strong>Pourquoi choisir l\u2019ISO 19770-1 ?<\/strong><\/h2>\n<p>Les actifs informatiques sont essentiels pour toute organisation. Prenons l\u2019exemple du risque financier : une mauvaise gestion des licences logicielles peut entra\u00eener des co\u00fbts inutiles, voire des amendes. Il existe \u00e9galement des risques li\u00e9s \u00e0 la s\u00e9curit\u00e9 de l\u2019information, qui est cruciale pour toute entreprise. La gestion des actifs IT joue un r\u00f4le fondamental \u00e8 cet \u00e9gard.<br \/>\nC\u2019est pourquoi il peut \u00eatre utile pour toute organisation de mettre en place un syst\u00e8me de gestion des actifs informatiques.<\/p>\n<h2><strong>Que propose Brand Compliance ?<\/strong><\/h2>\n<h3><strong>Premier entretien<\/strong><\/h3>\n<p>Lors d\u00fan <a href=\"https:\/\/brandcompliance.be\/fr\/contact-2\/entretien-de-prise-de-contact\/\">entretien gratuit<\/a> avec l\u2019un de nos account managers, vous obtiendrez une vision claire de la pertinence de la norme ISO 19770-1 pour votre organisation. Vous d\u00e9couvrirez la diff\u00e9rence avec d\u2019autres normes pertinentes et les exigences auxquelles vous devez satisfaire.<\/p>\n<h3><strong>Formation<\/strong><\/h3>\n<p>Notre formation\u00a0ISO\/IEC 19770-1\u00a0est dispens\u00e9e par des formateurs exp\u00e9riment\u00e9s et s\u2019adresse aux professionnels de l\u2019ITAM souhaitant accompagner leur organisation vers une certification ISO\/IEC 19770-1. La formation couvre des sujets tels que l&#8217;application de la norme ISO\/IEC 19770-1, le fonctionnement du syst\u00e8me de management, l&#8217;\u00e9laboration d&#8217;une analyse de rentabilit\u00e9, la pr\u00e9paration d&#8217;un audit et l&#8217;am\u00e9lioration continue des processus. La formation offre \u00e9galement aux participants la possibilit\u00e9 d&#8217;obtenir une qualification personnelle (ISO\/IEC 19770-1 Practitioner).<br \/>\nPour plus d\u2019informations, contactez nos account managers.<\/p>\n<h3><strong>Analyse GAP<\/strong><\/h3>\n<p>Vous avez d\u00e9j\u00e0 suivi une formation ou mis en \u0153uvre la norme dans votre organisation ?<br \/>\nDans ce cas, notre analyse GAP peut vous aider \u00e0 \u00e9valuer o\u00f9 vous en \u00eates dans le processus de certification. Cette analyse identifie l\u2019\u00e9cart (le \u00ab GAP \u00bb) entre la situation actuelle et la situation souhait\u00e9e. Il s\u2019agit d\u2019outil pr\u00e9cieux pour d\u00e9terminer si votre organisation est pr\u00eate \u00e0 \u00eatre certifi\u00e9e selon\u00a0<strong>ISO 19770-1<\/strong>, la norme internationale pour la gestion des actifs informatiques.<\/p>\n<h3><strong>Certification<\/strong><\/h3>\n<p>La certification est l\u2019\u00e9tape finale pour d\u00e9montrer que votre gestion des actifs IT est conforme.<br \/>\nGr\u00e2ce \u00e0 une \u00e9valuation ind\u00e9pendante r\u00e9alis\u00e9e par\u00a0Brand Compliance, vous prouvez votre fiabilit\u00e9 au monde ext\u00e9rieur.<\/p>\n<p>Les organisations certifi\u00e9es peuvent d\u00e9montrer qu\u2019elles g\u00e8rent efficacement leurs actifs IT (par exemple, les licences des fournisseurs). Le d\u00e9partement ITAM peut ainsi fournir une preuve ind\u00e9pendante \u00e0 la direction que les activit\u00e9s sont sous contr\u00f4le. La certification contribue \u00e0 inscrire la gestion des actifs IT \u00e0 l&#8217;ordre du jour du conseil d&#8217;administration.<\/p>\n<p>La norme ISO 19770-1 est structur\u00e9e selon la High Level Structure (HLS), introduite par ISO pour les syst\u00e8mes de management. Cela permet une int\u00e9gration fluide avec d\u2019autres normes telles que\u00a0<a href=\"https:\/\/brandcompliance.be\/fr\/certification-iso-27001\/\">ISO 27001<\/a>\u00a0et\u00a0<a href=\"https:\/\/brandcompliance.com\/en\/services\/iso-9001-certification\/\" target=\"_blank\" rel=\"noopener\">ISO 9001<\/a>.<\/p>\n<h2>Collaboration entre Brand Compliance et l\u2019ITAM Forum<\/h2>\n<p><a href=\"https:\/\/itamf.org\/\" target=\"_blank\" rel=\"noopener\">L\u2019ITAM Forum\u00a0<\/a>est une organisation internationale qui s&#8217;engage \u00e0 promouvoir la gestion des actifs informatiques \u00e0 l&#8217;\u00e9chelle mondiale. L\u2019ITAM Forum accorde une grande importance \u00e0 la qualit\u00e9 des certifications et a contribu\u00e9 au d\u00e9veloppement d\u2019un\u00a0<a href=\"https:\/\/itamf.org\/iso-19770-1-certification-scheme\/\" target=\"_blank\" rel=\"noopener\">sch\u00e9ma de certification<\/a> (ISO 19770-1), et d&#8217;exigences de qualit\u00e9 suppl\u00e9mentaires.<\/p>\n<p>Brand Compliance\u00a0a conclu un accord de licence avec l&#8217;ITAM Forum pour l&#8217;utilisation de ces exigences de qualit\u00e9 suppl\u00e9mentaire. Gr\u00e2ce \u00e0 cet accord, Brand Compliance est\u00a0le seul organisme de certification au monde\u00a0\u00e0 pouvoir mener \u00e0 bien ces processus selon les\u00a0plus hauts standards de qualit\u00e9\u00a0d\u00e9finis par l\u2019ITAM Forum.<\/p>\n","protected":false},"excerpt":{"rendered":"<p>Qu\u2019est-ce que l\u2019ISO 19770-1 ? La norme ISO 19770-1 d\u00e9finit un syst\u00e8me de management d\u00e9di\u00e9 \u00e0 la gestion des actifs informatiques (ITAM). Cette norme donne&#8230;<\/p>\n","protected":false},"author":6,"featured_media":0,"parent":0,"menu_order":0,"comment_status":"closed","ping_status":"closed","template":"layouts\/diensten-layout.php","meta":{"_acf_changed":false,"footnotes":""},"class_list":["post-13426","page","type-page","status-publish","hentry"],"acf":[],"_links":{"self":[{"href":"https:\/\/brandcompliance.be\/fr\/wp-json\/wp\/v2\/pages\/13426","targetHints":{"allow":["GET"]}}],"collection":[{"href":"https:\/\/brandcompliance.be\/fr\/wp-json\/wp\/v2\/pages"}],"about":[{"href":"https:\/\/brandcompliance.be\/fr\/wp-json\/wp\/v2\/types\/page"}],"author":[{"embeddable":true,"href":"https:\/\/brandcompliance.be\/fr\/wp-json\/wp\/v2\/users\/6"}],"replies":[{"embeddable":true,"href":"https:\/\/brandcompliance.be\/fr\/wp-json\/wp\/v2\/comments?post=13426"}],"version-history":[{"count":5,"href":"https:\/\/brandcompliance.be\/fr\/wp-json\/wp\/v2\/pages\/13426\/revisions"}],"predecessor-version":[{"id":14018,"href":"https:\/\/brandcompliance.be\/fr\/wp-json\/wp\/v2\/pages\/13426\/revisions\/14018"}],"wp:attachment":[{"href":"https:\/\/brandcompliance.be\/fr\/wp-json\/wp\/v2\/media?parent=13426"}],"curies":[{"name":"wp","href":"https:\/\/api.w.org\/{rel}","templated":true}]}}