{"id":13435,"date":"2022-02-10T11:57:48","date_gmt":"2022-02-10T10:57:48","guid":{"rendered":"https:\/\/brandcompliance.be\/devenir-prestataire-de-services-pour-le-portefeuille-pme\/"},"modified":"2025-08-25T09:59:52","modified_gmt":"2025-08-25T07:59:52","slug":"devenir-prestataire-de-services-pour-le-portefeuille-pme","status":"publish","type":"page","link":"https:\/\/brandcompliance.be\/fr\/devenir-prestataire-de-services-pour-le-portefeuille-pme\/","title":{"rendered":"Devenir prestataire de services pour le portefeuille PME"},"content":{"rendered":"<p>\u00cates-vous un entrepreneur de PME et offrez-vous une formation ou des conseils \u00e0 d\u2019autres entrepreneurs\u00a0? Alors, l\u2019audit p du portefeuille PME est fait pour vous. Sur cette page, nous expliquons comment vous pouvez b\u00e9n\u00e9ficier de cet audit et du soutien gouvernemental pour vos clients PME.<\/p>\n<p><img loading=\"lazy\" decoding=\"async\" class=\"alignleft wp-image-13048 size-medium\" src=\"http:\/\/brandcompliance.be\/wp-content\/uploads\/sites\/3\/2025\/01\/teach-cropped-300x200.jpg\" alt=\"Portefeuille PME\" width=\"300\" height=\"200\" title=\"\" srcset=\"https:\/\/brandcompliance.be\/wp-content\/uploads\/sites\/3\/2025\/01\/teach-cropped-300x200.jpg 300w, https:\/\/brandcompliance.be\/wp-content\/uploads\/sites\/3\/2025\/01\/teach-cropped-768x512.jpg 768w, https:\/\/brandcompliance.be\/wp-content\/uploads\/sites\/3\/2025\/01\/teach-cropped-360x240.jpg 360w, https:\/\/brandcompliance.be\/wp-content\/uploads\/sites\/3\/2025\/01\/teach-cropped-600x400.jpg 600w, https:\/\/brandcompliance.be\/wp-content\/uploads\/sites\/3\/2025\/01\/teach-cropped.jpg 1000w\" sizes=\"auto, (max-width: 300px) 100vw, 300px\" \/>Si vous \u00eates un prestataire de services de formation ou de conseil et que vous souhaitez \u00eatre enregistr\u00e9 pour le portefeuille PME, vous devez d\u2019abord passer un audit aupr\u00e8s d\u2019un bureau d\u2019audit agr\u00e9\u00e9. Il s\u2019agit d\u2019une \u00e9tape importante pour pouvoir profiter des avantages du portefeuille PME, \u00e0 savoir un soutien financier aux PME pour vos formations et services de conseil.<\/p>\n<h2><\/h2>\n<h2>Qu\u2019est-ce que le portefeuille PME\u00a0?<\/h2>\n<p>Le gouvernement flamand attache une grande importance au renforcement des petites et moyennes entreprises flamandes (PME). C\u2019est pourquoi le gouvernement a mis en place une mesure de subvention pour les entreprises. Les employ\u00e9s peuvent suivre des formations et\/ou l\u2019entreprise peut obtenir des conseils professionnels avec une subvention\u00a0: le \u00ab\u00a0portefeuille PME\u00a0\u00bb.<\/p>\n<p>La condition pour obtenir la subvention est que la formation ou le conseil favorise le processus central de l\u2019entreprise. En outre, il doit \u00eatre fourni par un prestataire de services enregistr\u00e9 pour le portefeuille PME.<\/p>\n<h2>\u00c0 qui s\u2019adresse l\u2019enregistrement p du portefeuille PME\u00a0?<\/h2>\n<p>Si vos formations ou conseils visent \u00e0 am\u00e9liorer les processus centraux des PME flamandes \u00ab , ils peuvent b\u00e9n\u00e9ficier d\u2019une subvention via le portefeuille PME. Gr\u00e2ce au portefeuille PME, vous r\u00e9duisez le seuil permettant aux PME \u00bb d\u2019utiliser vos services.<\/p>\n<p>Pour obtenir le label distinctif \u00ab de prestataire de services enregistr\u00e9 pour le portefeuille PME \u00bb, vous devez d\u00e9montrer, par le biais d\u2019un audit, que vous travaillez conform\u00e9ment aux normes de qualit\u00e9 \u00e9tablies \u00e0 cet effet par l\u2019Agence flamande pour l\u2019innovation et l\u2019entrepreneuriat (<a href=\"http:\/\/vlaio.be\/\" target=\"_blank\" rel=\"noopener noreferrer\">VLAIO<\/a>).<\/p>\n<ul>\n<li><a href=\"https:\/\/codex.vlaanderen.be\/Zoeken\/Document.aspx?DID=1038935&amp;param=inhoud&amp;AID=1329681\" target=\"_blank\" rel=\"noopener\">T\u00e9l\u00e9chargez ici la norme p du portefeuille PME.<\/a><\/li>\n<\/ul>\n<h3>Quelles sont les exigences auxquelles vous devez r\u00e9pondre en tant que prestataire de services\u00a0?<\/h3>\n<p>Cela figure dans la norme p du portefeuille PME que vous pouvez t\u00e9l\u00e9charger ci-dessus via le Vlaio. Cependant, nous sommes heureux de vous aider. En tant que client de Brand Compliance, vous pouvez vous inscrire \u00e0 une session de pr\u00e9paration. Au cours de cette session en ligne, nous passons en revue la norme p du portefeuille PME avec un petit groupe de prestataires de services et nous vous donnons des conseils et astuces sur la meilleure fa\u00e7on de vous pr\u00e9parer.<\/p>\n<h3><strong>L\u2019audit pour les starters<\/strong><\/h3>\n<p><img loading=\"lazy\" decoding=\"async\" class=\"size-medium wp-image-13049 alignright\" src=\"http:\/\/brandcompliance.be\/wp-content\/uploads\/sites\/3\/2025\/01\/tablet-books2-cropped-300x200.jpg\" alt=\"\" width=\"300\" height=\"200\" title=\"\" srcset=\"https:\/\/brandcompliance.be\/wp-content\/uploads\/sites\/3\/2025\/01\/tablet-books2-cropped-300x200.jpg 300w, https:\/\/brandcompliance.be\/wp-content\/uploads\/sites\/3\/2025\/01\/tablet-books2-cropped-768x513.jpg 768w, https:\/\/brandcompliance.be\/wp-content\/uploads\/sites\/3\/2025\/01\/tablet-books2-cropped-360x240.jpg 360w, https:\/\/brandcompliance.be\/wp-content\/uploads\/sites\/3\/2025\/01\/tablet-books2-cropped-600x401.jpg 600w, https:\/\/brandcompliance.be\/wp-content\/uploads\/sites\/3\/2025\/01\/tablet-books2-cropped.jpg 1000w\" sizes=\"auto, (max-width: 300px) 100vw, 300px\" \/>Avez-vous r\u00e9cemment commenc\u00e9 des activit\u00e9s de formation ou de conseil\u00a0? Alors, un enregistrement est \u00e9galement <a href=\"https:\/\/brandcompliance.be\/fr\/devenir-prestataire-de-services-pour-le-portefeuille-pme\/audit-du-portefeuille-pme-pour-les-starters\/\">fait pour vous<\/a>\u00a0! En tant que candidat prestataire de services d\u00e9butant, l\u2019audit est divis\u00e9 en deux parties. Dans la premi\u00e8re partie (audit de d\u00e9marrage), il est \u00e9valu\u00e9 si vous \u00eates \u00ab pr\u00eat \u00e0 d\u00e9marrer \u00bb pour la r\u00e9alisation des activit\u00e9s. Vous \u00eates alors exempt\u00e9 de \u00ab la preuve d\u2019exp\u00e9rience \u00bb et de \u00ab l\u2019enqu\u00eate de satisfaction client \u00bb.<\/p>\n<p>Apr\u00e8s une conclusion positive de la premi\u00e8re partie, un acc\u00e8s vous est accord\u00e9 pour une p\u00e9riode de deux ans. Apr\u00e8s deux ans, la deuxi\u00e8me partie (audit de suivi) suit sur l\u2019exp\u00e9rience acquise et la satisfaction du client. Si cette partie a un r\u00e9sultat positif, la date de fin est prolong\u00e9e de trois ans.<\/p>\n<h4>Qui est \u00e9ligible au cong\u00e9 de formation flamand (VOV)\u00a0?<\/h4>\n<p>Si vous souhaitez \u00eatre \u00e9ligible au cong\u00e9 de formation flamand, vous devez remplir <a href=\"https:\/\/brandcompliance.be\/docs\/vlaams-opleidingsverlof\/\">certaines conditions<\/a>. L\u2019une des conditions exige que vos formations soient incluses dans la base de donn\u00e9es des formations pour les incitations \u00e0 la formation flamandes.<\/p>\n<p>Seules les formations des prestataires de services enregistr\u00e9s sont incluses dans la base de donn\u00e9es. Vous pouvez devenir un prestataire de services enregistr\u00e9 en obtenant l\u2019enregistrement pour le portefeuille PME.<\/p>\n<h5>Brand Compliance est un bureau d\u2019audit agr\u00e9\u00e9<\/h5>\n<p>Nous avons \u00e9t\u00e9 d\u00e9sign\u00e9s par le gouvernement flamand comme bureau d\u2019audit agr\u00e9\u00e9 pour l\u2019enregistrement p du portefeuille PME. Nous sommes heureux de r\u00e9aliser pour vous l\u2019audit n\u00e9cessaire pour obtenir un enregistrement. Avant de choisir de demander un enregistrement ou de prolonger votre enregistrement existant, nous vous offrons la possibilit\u00e9 de poser vos questions lors d\u2019une r\u00e9union de pr\u00e9sentation.<\/p>\n<p>Lorsque vous devenez client de Brand Compliance, nous donnons une explication d\u00e9taill\u00e9e de la norme \u00e0 \u00e9valuer et des pr\u00e9paratifs n\u00e9cessaires \u00e0 l\u2019audit lors d\u2019une session de pr\u00e9paration. Notre exp\u00e9rience montre que cette pr\u00e9paration garantit que le jour de l\u2019audit se d\u00e9roule finalement sans heurts et que les chances de succ\u00e8s sont optimis\u00e9es. Ce n\u2019est qu\u2019apr\u00e8s cette r\u00e9union de pr\u00e9sentation que vous choisissez si vous souhaitez que nous r\u00e9alisions l\u2019audit.<\/p>\n","protected":false},"excerpt":{"rendered":"<p>\u00cates-vous un entrepreneur de PME et offrez-vous une formation ou des conseils \u00e0 d\u2019autres entrepreneurs\u00a0? Alors, l\u2019audit p du portefeuille PME est fait pour vous&#8230;.<\/p>\n","protected":false},"author":6,"featured_media":0,"parent":0,"menu_order":1,"comment_status":"closed","ping_status":"closed","template":"layouts\/landing.php","meta":{"_acf_changed":false,"footnotes":""},"class_list":["post-13435","page","type-page","status-publish","hentry"],"acf":[],"_links":{"self":[{"href":"https:\/\/brandcompliance.be\/fr\/wp-json\/wp\/v2\/pages\/13435","targetHints":{"allow":["GET"]}}],"collection":[{"href":"https:\/\/brandcompliance.be\/fr\/wp-json\/wp\/v2\/pages"}],"about":[{"href":"https:\/\/brandcompliance.be\/fr\/wp-json\/wp\/v2\/types\/page"}],"author":[{"embeddable":true,"href":"https:\/\/brandcompliance.be\/fr\/wp-json\/wp\/v2\/users\/6"}],"replies":[{"embeddable":true,"href":"https:\/\/brandcompliance.be\/fr\/wp-json\/wp\/v2\/comments?post=13435"}],"version-history":[{"count":4,"href":"https:\/\/brandcompliance.be\/fr\/wp-json\/wp\/v2\/pages\/13435\/revisions"}],"predecessor-version":[{"id":13511,"href":"https:\/\/brandcompliance.be\/fr\/wp-json\/wp\/v2\/pages\/13435\/revisions\/13511"}],"wp:attachment":[{"href":"https:\/\/brandcompliance.be\/fr\/wp-json\/wp\/v2\/media?parent=13435"}],"curies":[{"name":"wp","href":"https:\/\/api.w.org\/{rel}","templated":true}]}}