{"id":13440,"date":"2022-06-13T16:37:14","date_gmt":"2022-06-13T14:37:14","guid":{"rendered":"https:\/\/brandcompliance.be\/compliment-reclamation-ou-suggestion\/"},"modified":"2025-08-25T13:12:49","modified_gmt":"2025-08-25T11:12:49","slug":"compliment-reclamation-ou-suggestion","status":"publish","type":"page","link":"https:\/\/brandcompliance.be\/fr\/organisme-de-certification\/compliment-reclamation-ou-suggestion\/","title":{"rendered":"Compliment, r\u00e9clamation ou suggestion"},"content":{"rendered":"<h2>Partagez vos suggestions avec Brand Compliance<\/h2>\n<p>Brand Compliance informe les organisations de mani\u00e8re aussi compl\u00e8te que possible. L&#8217;objectif est de le faire de mani\u00e8re claire, proactive et personnalis\u00e9e. Ainsi, nos clients savent souvent exactement \u00e0 quoi s&#8217;attendre lors d&#8217;un audit. Nos auditeurs se mettent ensuite au travail pour \u00e9valuer les entreprises et les organisations par rapport aux normes et cadres \u00e9tablis. Brand Compliance vise toujours \u00e0 satisfaire au maximum ses clients.<\/p>\n<p>Toutes les formes de commentaires sont les bienvenues. L&#8217;\u00e9quipe Brand Compliance utilise les commentaires pr\u00e9cieux pour am\u00e9liorer nos services. Si vous avez d\u00e9j\u00e0 utilis\u00e9 nos services, n&#8217;h\u00e9sitez pas \u00e0 nous faire part de votre exp\u00e9rience. Nous prenons tous les commentaires au s\u00e9rieux et examinerons les points \u00e0 am\u00e9liorer si n\u00e9cessaire. Si vous avez des suggestions, souhaitez r\u00e9diger un avis ou d\u00e9poser une plainte, n&#8217;h\u00e9sitez pas \u00e0 nous en faire part.<\/p>\n","protected":false},"excerpt":{"rendered":"<p>Partagez vos suggestions avec Brand Compliance Brand Compliance informe les organisations de mani\u00e8re aussi compl\u00e8te que possible. L&#8217;objectif est de le faire de mani\u00e8re claire,&#8230;<\/p>\n","protected":false},"author":6,"featured_media":0,"parent":13492,"menu_order":1,"comment_status":"closed","ping_status":"closed","template":"layouts\/blocks-layout.php","meta":{"_acf_changed":false,"footnotes":""},"class_list":["post-13440","page","type-page","status-publish","hentry"],"acf":[],"_links":{"self":[{"href":"https:\/\/brandcompliance.be\/fr\/wp-json\/wp\/v2\/pages\/13440","targetHints":{"allow":["GET"]}}],"collection":[{"href":"https:\/\/brandcompliance.be\/fr\/wp-json\/wp\/v2\/pages"}],"about":[{"href":"https:\/\/brandcompliance.be\/fr\/wp-json\/wp\/v2\/types\/page"}],"author":[{"embeddable":true,"href":"https:\/\/brandcompliance.be\/fr\/wp-json\/wp\/v2\/users\/6"}],"replies":[{"embeddable":true,"href":"https:\/\/brandcompliance.be\/fr\/wp-json\/wp\/v2\/comments?post=13440"}],"version-history":[{"count":4,"href":"https:\/\/brandcompliance.be\/fr\/wp-json\/wp\/v2\/pages\/13440\/revisions"}],"predecessor-version":[{"id":13518,"href":"https:\/\/brandcompliance.be\/fr\/wp-json\/wp\/v2\/pages\/13440\/revisions\/13518"}],"up":[{"embeddable":true,"href":"https:\/\/brandcompliance.be\/fr\/wp-json\/wp\/v2\/pages\/13492"}],"wp:attachment":[{"href":"https:\/\/brandcompliance.be\/fr\/wp-json\/wp\/v2\/media?parent=13440"}],"curies":[{"name":"wp","href":"https:\/\/api.w.org\/{rel}","templated":true}]}}