{"id":14256,"date":"2026-01-15T09:50:19","date_gmt":"2026-01-15T08:50:19","guid":{"rendered":"https:\/\/brandcompliance.be\/?page_id=14256"},"modified":"2026-01-20T15:43:12","modified_gmt":"2026-01-20T14:43:12","slug":"merci-pour-votre-inscription","status":"publish","type":"page","link":"https:\/\/brandcompliance.be\/fr\/merci-pour-votre-inscription\/","title":{"rendered":"Merci pour votre inscription \u00e0 la session de pr\u00e9paration"},"content":{"rendered":"<p>Votre inscription \u00e0 la session de pr\u00e9paration Cyberfundamentals (CyFun) a bien \u00e9t\u00e9 re\u00e7ue.<\/p>\n<p>Vous recevrez au plus tard quelques jours avant le d\u00e9but de la session un e-mail s\u00e9par\u00e9 contenant l\u2019invitation officielle et le lien de participation au webinaire Microsoft Teams.<\/p>\n<p>Si vous avez des questions d\u2019ici l\u00e0 concernant la session ou votre participation, n\u2019h\u00e9sitez pas \u00e0 nous contacter.<\/p>\n<p>Nous nous r\u00e9jouissons de vous accueillir lors de cette session de pr\u00e9paration.<\/p>\n<p>Par t\u00e9l\u00e9phone : <a href=\"tel:003214115500\">+32 (0)14 11 55 00<\/a><br \/>\nPar e-mail : <a href=\"mailto:info@brandcompliance.com\">info@brandcompliance.com<\/a><\/p>\n","protected":false},"excerpt":{"rendered":"<p>Votre inscription \u00e0 la session de pr\u00e9paration Cyberfundamentals (CyFun) a bien \u00e9t\u00e9 re\u00e7ue. Vous recevrez au plus tard quelques jours avant le d\u00e9but de la&#8230;<\/p>\n","protected":false},"author":6,"featured_media":0,"parent":0,"menu_order":0,"comment_status":"closed","ping_status":"closed","template":"","meta":{"_acf_changed":false,"footnotes":""},"class_list":["post-14256","page","type-page","status-publish","hentry"],"acf":[],"_links":{"self":[{"href":"https:\/\/brandcompliance.be\/fr\/wp-json\/wp\/v2\/pages\/14256","targetHints":{"allow":["GET"]}}],"collection":[{"href":"https:\/\/brandcompliance.be\/fr\/wp-json\/wp\/v2\/pages"}],"about":[{"href":"https:\/\/brandcompliance.be\/fr\/wp-json\/wp\/v2\/types\/page"}],"author":[{"embeddable":true,"href":"https:\/\/brandcompliance.be\/fr\/wp-json\/wp\/v2\/users\/6"}],"replies":[{"embeddable":true,"href":"https:\/\/brandcompliance.be\/fr\/wp-json\/wp\/v2\/comments?post=14256"}],"version-history":[{"count":2,"href":"https:\/\/brandcompliance.be\/fr\/wp-json\/wp\/v2\/pages\/14256\/revisions"}],"predecessor-version":[{"id":14292,"href":"https:\/\/brandcompliance.be\/fr\/wp-json\/wp\/v2\/pages\/14256\/revisions\/14292"}],"wp:attachment":[{"href":"https:\/\/brandcompliance.be\/fr\/wp-json\/wp\/v2\/media?parent=14256"}],"curies":[{"name":"wp","href":"https:\/\/api.w.org\/{rel}","templated":true}]}}